{"id":570,"date":"2017-06-24T11:23:22","date_gmt":"2017-06-24T11:23:22","guid":{"rendered":"http:\/\/dummy.xtemos.com\/woodmart\/demos\/?page_id=570"},"modified":"2020-04-21T00:25:52","modified_gmt":"2020-04-21T00:25:52","slug":"anasayfa","status":"publish","type":"page","link":"https:\/\/www.akalsigorta.com\/","title":{"rendered":"Anasayfa"},"content":{"rendered":"<p>[vc_row full_width=&#8221;stretch_row_content_no_spaces&#8221; css=&#8221;.vc_custom_1497519064192{margin-bottom: 0px !important;}&#8221;][vc_column 0=&#8221;&#8221;][rev_slider_vc alias=&#8221;slider-parallax&#8221;][\/vc_column][\/vc_row][vc_row full_width=&#8221;stretch_row&#8221; woodmart_parallax=&#8221;1&#8243; css=&#8221;.vc_custom_1587428743618{padding-top: 17vh !important;padding-bottom: 17vh !important;background-image: url(http:\/\/www.akalsigorta.com\/wp-content\/uploads\/2020\/04\/anasayfa-kasko.jpg?id=2819) !important;}&#8221; mobile_bg_img_hidden=&#8221;no&#8221; woodmart_gradient_switch=&#8221;no&#8221; row_reverse_mobile=&#8221;0&#8243; row_reverse_tablet=&#8221;0&#8243; woodmart_disable_overflow=&#8221;0&#8243;][vc_column width=&#8221;1\/2&#8243; scroll_x=&#8221;0&#8243; scroll_y=&#8221;-40&#8243; scroll_z=&#8221;0&#8243; parallax_scroll=&#8221;yes&#8221; css=&#8221;.vc_custom_1528724619526{padding-top: 0px !important;padding-right: 30px !important;padding-left: 30px !important;}&#8221; offset=&#8221;vc_col-lg-offset-6 vc_col-md-offset-6&#8243;]\t\t\n\t\t<div id=\"wd-5e9e3d4b663c7\" class=\"title-wrapper  woodmart-title-color-white woodmart-title-style-default woodmart-title-width-100 text-left woodmart-title-size-extra-large \">\n\t\t\t\t\t\t\n\t\t\t<div class=\"liner-continer\">\n\t\t\t\t<span class=\"left-line\"><\/span>\n\t\t\t\t<h4 class=\"woodmart-title-container title  woodmart-font-weight-\" >Kasko ve Trafik Sigortas\u0131<\/h4>\t\t\t\t\t\t\t\t<span class=\"right-line\"><\/span>\n\t\t\t<\/div>\n\t\t\t\n\t\t\t\t\t\t\t<div class=\"title-after_title\">Akal sigorta acentecili\u011fi g\u00fcvenli bir \u015fekilde yolculuk yapabilmeniz i\u00e7in sizlerle. Ola\u011fan\u00fcst\u00fc durumlarda kazalarda sizlere yard\u0131mc\u0131 olmaktan mutluluk duyar\u0131z. Biz b\u00fcy\u00fck bir aileyiz.<\/div>\n\t\t\t\t\t\t\n\t\t\t\t\t<\/div>\n\t\t\n\t\t<div id=\"wd-5e5732fba2219\" class=\"woodmart-button-wrapper text-center inline-element\"><a href=\"http:\/\/www.akalsigorta.com\/kasko\/\" title=\"Kasko\" class=\"btn btn-color-white btn-style-default btn-shape-rectangle btn-size-default\">KASKO<\/a><\/div><div id=\"wd-5e57330966b42\" class=\"woodmart-button-wrapper text-center inline-element\"><a href=\"http:\/\/www.akalsigorta.com\/trafik-sigortasi\/\" title=\"Trafik Sigortas\u0131\" class=\"btn btn-color-white btn-style-bordered btn-shape-rectangle btn-size-default\">TRAF\u0130K S\u0130GORTASI<\/a><\/div>[\/vc_column][\/vc_row][vc_row full_width=&#8221;stretch_row&#8221; woodmart_parallax=&#8221;1&#8243; css=&#8221;.vc_custom_1587428219668{padding-top: 17vh !important;padding-bottom: 17vh !important;background-image: url(http:\/\/www.akalsigorta.com\/wp-content\/uploads\/2020\/04\/anasayfa-dask.jpg?id=2823) !important;}&#8221; mobile_bg_img_hidden=&#8221;no&#8221; woodmart_gradient_switch=&#8221;no&#8221; row_reverse_mobile=&#8221;0&#8243; row_reverse_tablet=&#8221;0&#8243; woodmart_disable_overflow=&#8221;0&#8243;][vc_column width=&#8221;1\/2&#8243; scroll_x=&#8221;0&#8243; scroll_y=&#8221;-40&#8243; scroll_z=&#8221;0&#8243; parallax_scroll=&#8221;yes&#8221; css=&#8221;.vc_custom_1528724755597{padding-top: 0px !important;padding-right: 30px !important;padding-left: 30px !important;}&#8221;]\t\t\n\t\t<div id=\"wd-5e55c762041b3\" class=\"title-wrapper  woodmart-title-color-white woodmart-title-style-default woodmart-title-width-100 text-left woodmart-title-size-extra-large \">\n\t\t\t\t\t\t\n\t\t\t<div class=\"liner-continer\">\n\t\t\t\t<span class=\"left-line\"><\/span>\n\t\t\t\t<h4 class=\"woodmart-title-container title  woodmart-font-weight-\" >Konut \u0130\u015fyeri ve Dask Sigortas\u0131<\/h4>\t\t\t\t\t\t\t\t<span class=\"right-line\"><\/span>\n\t\t\t<\/div>\n\t\t\t\n\t\t\t\t\t\t\t<div class=\"title-after_title\">Evimiz ve i\u015fyerimiz en de\u011ferli yerimiz. Kimse evini ya da i\u015f yerini kaybetmek istemez. Evimiz, i\u015fyerlerimiz i\u00e7in i\u00e7in sizlerle beraber KONUT \u0130\u015eYER\u0130 ve DASK sigortalar\u0131m\u0131zla yan\u0131n\u0131zday\u0131z. Olas\u0131 bir durumda sizlerle birlikte olmak istiyoruz.<\/div>\n\t\t\t\t\t\t\n\t\t\t\t\t<\/div>\n\t\t\n\t\t<div id=\"wd-5e573316b8853\" class=\"woodmart-button-wrapper text-center inline-element\"><a href=\"http:\/\/www.akalsigorta.com\/dask\/\" title=\"DASK\" class=\"btn btn-color-white btn-style-default btn-shape-rectangle btn-size-default\">DASK<\/a><\/div><div id=\"wd-5e57331fd4e16\" class=\"woodmart-button-wrapper text-center inline-element\"><a href=\"http:\/\/www.akalsigorta.com\/konut-sigortasi-2\/\" title=\"Konut Sigortas\u0131\" class=\"btn btn-color-white btn-style-bordered btn-shape-rectangle btn-size-default\">KONUT<\/a><\/div><div id=\"wd-5e57332fd8947\" class=\"woodmart-button-wrapper text-center inline-element\"><a href=\"http:\/\/www.akalsigorta.com\/isyeri-sigortasi\/\" title=\"\u0130\u015fyeri Sigortas\u0131\" class=\"btn btn-color-white btn-style-bordered btn-shape-rectangle btn-size-default\">\u0130\u015eYER\u0130<\/a><\/div>[\/vc_column][\/vc_row][vc_row full_width=&#8221;stretch_row&#8221; woodmart_parallax=&#8221;1&#8243; css=&#8221;.vc_custom_1587428652032{padding-top: 17vh !important;padding-bottom: 17vh !important;background-image: url(http:\/\/www.akalsigorta.com\/wp-content\/uploads\/2020\/04\/anasayfa-saglik.jpg?id=2825) !important;}&#8221; mobile_bg_img_hidden=&#8221;no&#8221; woodmart_gradient_switch=&#8221;no&#8221; row_reverse_mobile=&#8221;0&#8243; row_reverse_tablet=&#8221;0&#8243; woodmart_disable_overflow=&#8221;0&#8243;][vc_column width=&#8221;1\/2&#8243; scroll_x=&#8221;0&#8243; scroll_y=&#8221;-40&#8243; scroll_z=&#8221;0&#8243; parallax_scroll=&#8221;yes&#8221; css=&#8221;.vc_custom_1528724777015{padding-top: 0px !important;padding-right: 30px !important;padding-left: 30px !important;}&#8221; offset=&#8221;vc_col-lg-offset-6 vc_col-md-offset-6&#8243;]\t\t\n\t\t<div id=\"wd-5e55c88c1e612\" class=\"title-wrapper  woodmart-title-color-white woodmart-title-style-default woodmart-title-width-100 text-left woodmart-title-size-extra-large \">\n\t\t\t\t\t\t\n\t\t\t<div class=\"liner-continer\">\n\t\t\t\t<span class=\"left-line\"><\/span>\n\t\t\t\t<h4 class=\"woodmart-title-container title  woodmart-font-weight-\" >Sa\u011fl\u0131k Sigortas\u0131<\/h4>\t\t\t\t\t\t\t\t<span class=\"right-line\"><\/span>\n\t\t\t<\/div>\n\t\t\t\n\t\t\t\t\t\t\t<div class=\"title-after_title\">\u00c7ok \u00e7al\u0131\u015f\u0131p edindi\u011fimiz evi ve araban\u0131z\u0131 sigortalad\u0131n\u0131z. Ancak en \u00f6nemlisi sizlerin sa\u011fl\u0131\u011f\u0131. Sa\u011fl\u0131\u011f\u0131n\u0131z\u0131 garantiye almak i\u00e7in sigorta yapman\u0131z hastalanman\u0131z durumunda hem iyi \u015fartlar alt\u0131nda tedavi olman\u0131\u0131 sa\u011flar hem de pahal\u0131 testler ve tedaviler i\u00e7in ekstra para \u00f6demenizi engeller.<\/div>\n\t\t\t\t\t\t\n\t\t\t\t\t<\/div>\n\t\t\n\t\t<div id=\"wd-5e57333e8aa4e\" class=\"woodmart-button-wrapper text-center inline-element\"><a href=\"http:\/\/www.akalsigorta.com\/tamamlayici-saglik-sigortasi\/\" title=\"Tamamlay\u0131c\u0131 Sa\u011fl\u0131k Sigortas\u0131\" class=\"btn btn-color-white btn-style-default btn-shape-rectangle btn-size-default\">Tamamlay\u0131c\u0131 Sa\u011fl\u0131k Sigortas\u0131<\/a><\/div><div id=\"wd-5e57334cf2785\" class=\"woodmart-button-wrapper text-center inline-element\"><a href=\"http:\/\/www.akalsigorta.com\/ozel-saglik-sigortasi\/\" title=\"\u00d6zel Sa\u011fl\u0131k Sigortas\u0131\" class=\"btn btn-color-white btn-style-bordered btn-shape-rectangle btn-size-default\">\u00d6zel Sa\u011fl\u0131k Sigortas\u0131<\/a><\/div>[\/vc_column][\/vc_row]<\/p>\n","protected":false},"excerpt":{"rendered":"<p>[vc_row full_width=&#8221;stretch_row_content_no_spaces&#8221; css=&#8221;.vc_custom_1497519064192{margin-bottom: 0px !important;}&#8221;][vc_column 0=&#8221;&#8221;][rev_slider_vc alias=&#8221;slider-parallax&#8221;][\/vc_column][\/vc_row][vc_row full_width=&#8221;stretch_row&#8221; woodmart_parallax=&#8221;1&#8243; css=&#8221;.vc_custom_1587428743618{padding-top: 17vh !important;padding-bottom: 17vh !important;background-image: url(http:\/\/www.akalsigorta.com\/wp-content\/uploads\/2020\/04\/anasayfa-kasko.jpg?id=2819) !important;}&#8221; mobile_bg_img_hidden=&#8221;no&#8221; woodmart_gradient_switch=&#8221;no&#8221; row_reverse_mobile=&#8221;0&#8243; row_reverse_tablet=&#8221;0&#8243;<\/p>\n","protected":false},"author":1,"featured_media":0,"parent":0,"menu_order":0,"comment_status":"closed","ping_status":"closed","template":"","meta":{"footnotes":"","_joinchat":[]},"_links":{"self":[{"href":"https:\/\/www.akalsigorta.com\/index.php?rest_route=\/wp\/v2\/pages\/570"}],"collection":[{"href":"https:\/\/www.akalsigorta.com\/index.php?rest_route=\/wp\/v2\/pages"}],"about":[{"href":"https:\/\/www.akalsigorta.com\/index.php?rest_route=\/wp\/v2\/types\/page"}],"author":[{"embeddable":true,"href":"https:\/\/www.akalsigorta.com\/index.php?rest_route=\/wp\/v2\/users\/1"}],"replies":[{"embeddable":true,"href":"https:\/\/www.akalsigorta.com\/index.php?rest_route=%2Fwp%2Fv2%2Fcomments&post=570"}],"version-history":[{"count":14,"href":"https:\/\/www.akalsigorta.com\/index.php?rest_route=\/wp\/v2\/pages\/570\/revisions"}],"predecessor-version":[{"id":2828,"href":"https:\/\/www.akalsigorta.com\/index.php?rest_route=\/wp\/v2\/pages\/570\/revisions\/2828"}],"wp:attachment":[{"href":"https:\/\/www.akalsigorta.com\/index.php?rest_route=%2Fwp%2Fv2%2Fmedia&parent=570"}],"curies":[{"name":"wp","href":"https:\/\/api.w.org\/{rel}","templated":true}]}}