{"id":2842,"date":"2020-04-28T13:50:56","date_gmt":"2020-04-28T13:50:56","guid":{"rendered":"http:\/\/www.akalsigorta.com\/?page_id=2842"},"modified":"2021-05-31T14:57:24","modified_gmt":"2021-05-31T14:57:24","slug":"mukendislik-sigortasi","status":"publish","type":"page","link":"https:\/\/www.akalsigorta.com\/?page_id=2842","title":{"rendered":"M\u00fckendislik Sigortas\u0131"},"content":{"rendered":"<p>[vc_row][vc_column]\t\t\n\t\t<div id=\"wd-5eaf48360b950\" class=\"title-wrapper  woodmart-title-color-default woodmart-title-style-default woodmart-title-width-100 text-center woodmart-title-size-default \">\n\t\t\t\t\t\t\n\t\t\t<div class=\"liner-continer\">\n\t\t\t\t<span class=\"left-line\"><\/span>\n\t\t\t\t<h4 class=\"woodmart-title-container title  woodmart-font-weight-\" >Akal Sigorta, sigorta ihtiyac\u0131 olan herkesi etkin sigorta \u00e7\u00f6z\u00fcmleriyle bulu\u015fturmay\u0131 ama\u00e7lamaktad\u0131r. Bu kapsamda sigortal\u0131lar\u0131m\u0131z\u0131n beklenti ve ihtiya\u00e7lar\u0131n\u0131 belirliyor ve onlara en uygun sigorta \u00e7\u00f6z\u00fcmlerini bulmada yard\u0131mc\u0131 oluyoruz. En \u00f6nc\u00fc sigorta hizmetleri en uygun \u00f6deme se\u00e7enekleriyle Akal Sigorta\u2019da!<\/h4>\t\t\t\t\t\t\t\t<span class=\"right-line\"><\/span>\n\t\t\t<\/div>\n\t\t\t\n\t\t\t\t\t\t\n\t\t\t\t\t<\/div>\n\t\t\n\t\t[\/vc_column][\/vc_row][vc_row][vc_column][vc_single_image image=&#8221;2851&#8243; img_size=&#8221;full&#8221; alignment=&#8221;center&#8221; style=&#8221;vc_box_shadow_border&#8221; onclick=&#8221;img_link_large&#8221; scroll_x=&#8221;0&#8243; scroll_y=&#8221;-80&#8243; scroll_z=&#8221;0&#8243; parallax_scroll=&#8221;yes&#8221;][\/vc_column][\/vc_row][vc_row][vc_column]\t\t\n\t\t<div id=\"wd-5e28d51a00fb5\" class=\"title-wrapper  woodmart-title-color-primary woodmart-title-style-underlined-2 woodmart-title-width-100 text-center woodmart-title-size-medium \">\n\t\t\t\t\t\t\n\t\t\t<div class=\"liner-continer\">\n\t\t\t\t<span class=\"left-line\"><\/span>\n\t\t\t\t<h4 class=\"woodmart-title-container title  woodmart-font-weight-\" >M\u00fchendislik Sigortas\u0131 \u00c7e\u015fitleri<\/h4>\t\t\t\t\t\t\t\t<span class=\"right-line\"><\/span>\n\t\t\t<\/div>\n\t\t\t\n\t\t\t\t\t\t\n\t\t\t\t\t<\/div>\n\t\t\n\t\t[\/vc_column][\/vc_row][vc_row][vc_column][vc_column_text text_larger=&#8221;no&#8221;]<\/p>\n<h3>Elektronik Cihaz<\/h3>\n<p>Sigortal\u0131 elektronik cihazlar\u0131n deneme devresinden sonraki d\u00f6nemde ani ve beklenmedik nedenlerle u\u011frad\u0131\u011f\u0131 zararlar\u0131 poli\u00e7ede belirtilen ko\u015fullara ba\u011fl\u0131 olarak temin eden sigorta poli\u00e7esidir.<\/p>\n<h3>Makine K\u0131r\u0131lmas\u0131<\/h3>\n<p>Sigortal\u0131 k\u0131ymetlerin deneme devresinden sonraki d\u00f6nemde ani ve beklenmedik nedenlerle u\u011frayaca\u011f\u0131 zararlar\u0131 poli\u00e7ede belirtilen ko\u015fullara ba\u011fl\u0131 olarak temin eden sigorta poli\u00e7esidir.<\/p>\n<h3>\u0130n\u015faat Sigortalar\u0131<\/h3>\n<p>Sigortal\u0131 k\u0131ymetlerin in\u015faat sahas\u0131nda \u00f6nceden bilinmeyen ve ani bir sebeple u\u011frayaca\u011f\u0131 zararlar\u0131 poli\u00e7ede belirtilen ko\u015fullara ba\u011fl\u0131 olarak temin eden sigorta poli\u00e7esidir.<\/p>\n<h3>Montaj Sigortalar\u0131<\/h3>\n<p>Sigortal\u0131 k\u0131ymetlerin montaj sahas\u0131nda \u00f6nceden bilinmeyen ve ani bir sebeple u\u011frayaca\u011f\u0131 zararlar\u0131 poli\u00e7ede belirtilen ko\u015fullara ba\u011fl\u0131 olarak temin eder.[\/vc_column_text][\/vc_column][\/vc_row]<\/p>\n","protected":false},"excerpt":{"rendered":"<p>[vc_row][vc_column][\/vc_column][\/vc_row][vc_row][vc_column][vc_single_image image=&#8221;2851&#8243; img_size=&#8221;full&#8221; alignment=&#8221;center&#8221; style=&#8221;vc_box_shadow_border&#8221; onclick=&#8221;img_link_large&#8221; scroll_x=&#8221;0&#8243; scroll_y=&#8221;-80&#8243; scroll_z=&#8221;0&#8243; parallax_scroll=&#8221;yes&#8221;][\/vc_column][\/vc_row][vc_row][vc_column][\/vc_column][\/vc_row][vc_row][vc_column][vc_column_text text_larger=&#8221;no&#8221;] Elektronik Cihaz Sigortal\u0131 elektronik cihazlar\u0131n deneme devresinden sonraki d\u00f6nemde<\/p>\n","protected":false},"author":1,"featured_media":0,"parent":0,"menu_order":0,"comment_status":"closed","ping_status":"closed","template":"","meta":{"footnotes":"","_joinchat":[]},"_links":{"self":[{"href":"https:\/\/www.akalsigorta.com\/index.php?rest_route=\/wp\/v2\/pages\/2842"}],"collection":[{"href":"https:\/\/www.akalsigorta.com\/index.php?rest_route=\/wp\/v2\/pages"}],"about":[{"href":"https:\/\/www.akalsigorta.com\/index.php?rest_route=\/wp\/v2\/types\/page"}],"author":[{"embeddable":true,"href":"https:\/\/www.akalsigorta.com\/index.php?rest_route=\/wp\/v2\/users\/1"}],"replies":[{"embeddable":true,"href":"https:\/\/www.akalsigorta.com\/index.php?rest_route=%2Fwp%2Fv2%2Fcomments&post=2842"}],"version-history":[{"count":6,"href":"https:\/\/www.akalsigorta.com\/index.php?rest_route=\/wp\/v2\/pages\/2842\/revisions"}],"predecessor-version":[{"id":2852,"href":"https:\/\/www.akalsigorta.com\/index.php?rest_route=\/wp\/v2\/pages\/2842\/revisions\/2852"}],"wp:attachment":[{"href":"https:\/\/www.akalsigorta.com\/index.php?rest_route=%2Fwp%2Fv2%2Fmedia&parent=2842"}],"curies":[{"name":"wp","href":"https:\/\/api.w.org\/{rel}","templated":true}]}}