{"id":2688,"date":"2020-02-27T21:47:28","date_gmt":"2020-02-27T21:47:28","guid":{"rendered":"http:\/\/www.akalsigorta.com\/?page_id=2688"},"modified":"2020-04-28T13:37:03","modified_gmt":"2020-04-28T13:37:03","slug":"seyahat-sigortasi-teklifi-al","status":"publish","type":"page","link":"https:\/\/www.akalsigorta.com\/?page_id=2688","title":{"rendered":"Seyahat Sigortas\u0131 Teklifi Al"},"content":{"rendered":"<p>[vc_section full_width=&#8221;stretch_row&#8221; mobile_bg_img_hidden=&#8221;no&#8221; tablet_bg_img_hidden=&#8221;no&#8221; woodmart_parallax=&#8221;0&#8243; woodmart_gradient_switch=&#8221;no&#8221; woodmart_disable_overflow=&#8221;1&#8243; css=&#8221;.vc_custom_1563972293196{margin-bottom: -40px !important;}&#8221;][vc_row full_width=&#8221;stretch_row&#8221; mobile_bg_img_hidden=&#8221;no&#8221; tablet_bg_img_hidden=&#8221;no&#8221; woodmart_parallax=&#8221;0&#8243; woodmart_gradient_switch=&#8221;no&#8221; row_reverse_mobile=&#8221;1&#8243; row_reverse_tablet=&#8221;1&#8243; woodmart_disable_overflow=&#8221;1&#8243;][vc_column mobile_bg_img_hidden=&#8221;no&#8221; tablet_bg_img_hidden=&#8221;no&#8221; woodmart_parallax=&#8221;0&#8243; woodmart_sticky_column=&#8221;false&#8221; parallax_scroll=&#8221;no&#8221; mobile_reset_margin=&#8221;no&#8221; tablet_reset_margin=&#8221;no&#8221; css=&#8221;.vc_custom_1563973247828{margin-bottom: 4vh !important;}&#8221; offset=&#8221;vc_col-lg-6 vc_col-md-6&#8243;]\t\t\n\t\t<div id=\"wd-5e407a3629ac3\" class=\"title-wrapper  woodmart-title-color-default woodmart-title-style-default woodmart-title-width-100 text-left woodmart-title-size-custom \">\n\t\t\t\t\t\t\n\t\t\t<div class=\"liner-continer\">\n\t\t\t\t<span class=\"left-line\"><\/span>\n\t\t\t\t<h4 class=\"woodmart-title-container title  woodmart-font-weight-\" >Seyahat Sigortas\u0131<\/h4>\t\t\t\t\t\t\t\t<span class=\"right-line\"><\/span>\n\t\t\t<\/div>\n\t\t\t\n\t\t\t\t\t\t\t<div class=\"title-after_title\">Size \u00f6zel teklifimizden yararlanmak i\u00e7in bilgileri doldurunuz.<\/div>\n\t\t\t\t\t\t\n\t\t\t\t\t<\/div>\n\t\t\n\t\t<div role=\"form\" class=\"wpcf7\" id=\"wpcf7-f2543-o1\" lang=\"tr-TR\" dir=\"ltr\">\n<div class=\"screen-reader-response\"><p role=\"status\" aria-live=\"polite\" aria-atomic=\"true\"><\/p> <ul><\/ul><\/div>\n<form action=\"\/index.php?rest_route=%2Fwp%2Fv2%2Fpages%2F2688#wpcf7-f2543-o1\" method=\"post\" class=\"wpcf7-form init\" novalidate=\"novalidate\" data-status=\"init\">\n<div style=\"display: none;\">\n<input type=\"hidden\" name=\"_wpcf7\" value=\"2543\" \/>\n<input type=\"hidden\" name=\"_wpcf7_version\" value=\"5.4.1\" \/>\n<input type=\"hidden\" name=\"_wpcf7_locale\" value=\"tr_TR\" \/>\n<input type=\"hidden\" name=\"_wpcf7_unit_tag\" value=\"wpcf7-f2543-o1\" \/>\n<input type=\"hidden\" name=\"_wpcf7_container_post\" value=\"0\" \/>\n<input type=\"hidden\" name=\"_wpcf7_posted_data_hash\" value=\"\" \/>\n<\/div>\n<div class=\"row\">\n<div class=\"col-md-6\" style='margin-bottom:20px;'><label>Ad\u0131n\u0131z<\/label><span class=\"wpcf7-form-control-wrap your-name\"><input type=\"text\" name=\"your-name\" value=\"\" size=\"40\" class=\"wpcf7-form-control wpcf7-text wpcf7-validates-as-required\" id=\"very-special-field\" aria-required=\"true\" aria-invalid=\"false\" \/><\/span><\/div>\n<div class=\"col-md-6\" style='margin-bottom:20px;'><label>Eposta <\/label><span class=\"wpcf7-form-control-wrap your-email\"><input type=\"email\" name=\"your-email\" value=\"\" size=\"40\" class=\"wpcf7-form-control wpcf7-text wpcf7-email wpcf7-validates-as-required wpcf7-validates-as-email\" id=\"very-special-field\" aria-required=\"true\" aria-invalid=\"false\" \/><\/span><\/div>\n<\/div>\n<div class=\"row\">\n<div class=\"col-md-6\" style='margin-bottom:20px;'><labe>Telefon<\/label><span class=\"wpcf7-form-control-wrap tel-767\"><input type=\"tel\" name=\"tel-767\" value=\"\" size=\"40\" class=\"wpcf7-form-control wpcf7-text wpcf7-tel wpcf7-validates-as-required wpcf7-validates-as-tel\" id=\"very-special-field\" aria-required=\"true\" aria-invalid=\"false\" \/><\/span><\/div>\n<div class=\"col-md-6\" style='margin-bottom:20px;'><label>TC Kimlik<\/label><span class=\"wpcf7-form-control-wrap number-957\"><input type=\"number\" name=\"number-957\" value=\"\" class=\"wpcf7-form-control wpcf7-number wpcf7-validates-as-required wpcf7-validates-as-number\" id=\"very-special-field\" aria-required=\"true\" aria-invalid=\"false\" \/><\/span><\/div>\n<\/div>\n<div class=\"row\">\n<div class=\"col-md-6\" style='margin-bottom:20px;'><labe>Gidi\u015f Tarihi<\/label><span class=\"wpcf7-form-control-wrap gidis\"><input type=\"date\" name=\"gidis\" value=\"\" class=\"wpcf7-form-control wpcf7-date wpcf7-validates-as-required wpcf7-validates-as-date\" aria-required=\"true\" aria-invalid=\"false\" \/><\/span><\/div>\n<div class=\"col-md-6\" style='margin-bottom:20px;'><labe>D\u00f6n\u00fc\u015f Tarihi<\/label><span class=\"wpcf7-form-control-wrap donus\"><input type=\"date\" name=\"donus\" value=\"\" class=\"wpcf7-form-control wpcf7-date wpcf7-validates-as-required wpcf7-validates-as-date\" aria-required=\"true\" aria-invalid=\"false\" \/><\/span><\/div>\n<\/div>\n<div class=\"row\">\n<div class=\"col-md-6\" style='margin-bottom:20px;'><labe>Do\u011fum Tarihi<\/label><span class=\"wpcf7-form-control-wrap doumtarihi\"><input type=\"date\" name=\"doumtarihi\" value=\"\" class=\"wpcf7-form-control wpcf7-date wpcf7-validates-as-required wpcf7-validates-as-date\" aria-required=\"true\" aria-invalid=\"false\" \/><\/span><\/div>\n<div class=\"col-md-6\" style='margin-bottom:20px;'><labe>Cinsiyet<\/label><span class=\"wpcf7-form-control-wrap cinsiyet\"><span class=\"wpcf7-form-control wpcf7-checkbox wpcf7-validates-as-required wpcf7-exclusive-checkbox\"><span class=\"wpcf7-list-item first\"><input type=\"checkbox\" name=\"cinsiyet\" value=\"Kad\u0131n\" \/><span class=\"wpcf7-list-item-label\">Kad\u0131n<\/span><\/span><span class=\"wpcf7-list-item last\"><input type=\"checkbox\" name=\"cinsiyet\" value=\"Erkek\" \/><span class=\"wpcf7-list-item-label\">Erkek<\/span><\/span><\/span><\/span><\/div>\n<\/div>\n<div class=\"row\">\n<div class=\"col-md-6\" style='margin-bottom:20px;'><labe><span class=\"wpcf7-form-control-wrap acceptance-259\"><span class=\"wpcf7-form-control wpcf7-acceptance\"><span class=\"wpcf7-list-item\"><label><input type=\"checkbox\" name=\"acceptance-259\" value=\"1\" aria-invalid=\"false\" \/><span class=\"wpcf7-list-item-label\"><a href=\"http:\/\/www.akalsigorta.com\/kullanici-sozlesmesi\/\">Kullan\u0131c\u0131 S\u00f6zle\u015fmesini Okudum<\/a><\/span><\/label><\/span><\/span><\/span><\/label>\n<\/div>\n<div class=\"col-md-6\" style='margin-bottom:20px;'><labe>\n<p><input type=\"submit\" value=\"G\u00f6nder\" class=\"wpcf7-form-control wpcf7-submit btn-color-black\" \/><\/p>\n<\/div>\n<\/div>\n<div class=\"wpcf7-response-output\" aria-hidden=\"true\"><\/div><\/form><\/div>[\/vc_column][vc_column mobile_bg_img_hidden=&#8221;no&#8221; tablet_bg_img_hidden=&#8221;no&#8221; woodmart_parallax=&#8221;0&#8243; woodmart_sticky_column=&#8221;false&#8221; parallax_scroll=&#8221;no&#8221; mobile_reset_margin=&#8221;no&#8221; tablet_reset_margin=&#8221;no&#8221; css=&#8221;.vc_custom_1563973337202{margin-top: -130px !important;margin-bottom: 4vh !important;}&#8221; offset=&#8221;vc_col-lg-6 vc_col-md-6&#8243;][vc_empty_space height=&#8221;202px&#8221; woodmart_hide_large=&#8221;0&#8243; woodmart_hide_medium=&#8221;0&#8243; woodmart_hide_small=&#8221;0&#8243; woodmart_hide_extra_small=&#8221;0&#8243;][vc_gmaps link=&#8221;#E-8_JTNDaWZyYW1lJTIwc3JjJTNEJTIyaHR0cHMlM0ElMkYlMkZ3d3cuZ29vZ2xlLmNvbSUyRm1hcHMlMkZlbWJlZCUzRnBiJTNEJTIxMW0xOCUyMTFtMTIlMjExbTMlMjExZDMwNjAuMDI3MjU0Mzc3OTA1NiUyMTJkMzIuODU1ODM1OTUxMjMzMzIlMjEzZDM5LjkxODQwNjI3OTMyNTExJTIxMm0zJTIxMWYwJTIxMmYwJTIxM2YwJTIxM20yJTIxMWkxMDI0JTIxMmk3NjglMjE0ZjEzLjElMjEzbTMlMjExbTIlMjExczB4MTRkMzRmYWJhMDA2OGE0OSUyNTNBMHg3MzcyMzY2NzhjNmQ2NzI5JTIxMnNBS0FMJTI1MjBTaWdvcnRhJTI1MjBBcmFjJTI1QzQlMjVCMWwlMjVDNCUyNUIxayUyNTIwSGl6bWV0bGVyaSUyMTVlMCUyMTNtMiUyMTFzdHIlMjEyc3RyJTIxNHYxNTg3NDIzMTc3NTM1JTIxNW0yJTIxMXN0ciUyMTJzdHIlMjIlMjB3aWR0aCUzRCUyMjYwMCUyMiUyMGhlaWdodCUzRCUyMjQ1MCUyMiUyMGZyYW1lYm9yZGVyJTNEJTIyMCUyMiUyMHN0eWxlJTNEJTIyYm9yZGVyJTNBMCUzQiUyMiUyMGFsbG93ZnVsbHNjcmVlbiUzRCUyMiUyMiUyMGFyaWEtaGlkZGVuJTNEJTIyZmFsc2UlMjIlMjB0YWJpbmRleCUzRCUyMjAlMjIlM0UlM0MlMkZpZnJhbWUlM0U=&#8221;][\/vc_column][\/vc_row][\/vc_section]<\/p>\n","protected":false},"excerpt":{"rendered":"<p>[vc_section full_width=&#8221;stretch_row&#8221; mobile_bg_img_hidden=&#8221;no&#8221; tablet_bg_img_hidden=&#8221;no&#8221; woodmart_parallax=&#8221;0&#8243; woodmart_gradient_switch=&#8221;no&#8221; woodmart_disable_overflow=&#8221;1&#8243; css=&#8221;.vc_custom_1563972293196{margin-bottom: -40px !important;}&#8221;][vc_row full_width=&#8221;stretch_row&#8221; mobile_bg_img_hidden=&#8221;no&#8221; tablet_bg_img_hidden=&#8221;no&#8221; woodmart_parallax=&#8221;0&#8243; woodmart_gradient_switch=&#8221;no&#8221; row_reverse_mobile=&#8221;1&#8243; row_reverse_tablet=&#8221;1&#8243; woodmart_disable_overflow=&#8221;1&#8243;][vc_column mobile_bg_img_hidden=&#8221;no&#8221; tablet_bg_img_hidden=&#8221;no&#8221;<\/p>\n","protected":false},"author":1,"featured_media":0,"parent":0,"menu_order":0,"comment_status":"closed","ping_status":"closed","template":"","meta":{"footnotes":"","_joinchat":[]},"_links":{"self":[{"href":"https:\/\/www.akalsigorta.com\/index.php?rest_route=\/wp\/v2\/pages\/2688"}],"collection":[{"href":"https:\/\/www.akalsigorta.com\/index.php?rest_route=\/wp\/v2\/pages"}],"about":[{"href":"https:\/\/www.akalsigorta.com\/index.php?rest_route=\/wp\/v2\/types\/page"}],"author":[{"embeddable":true,"href":"https:\/\/www.akalsigorta.com\/index.php?rest_route=\/wp\/v2\/users\/1"}],"replies":[{"embeddable":true,"href":"https:\/\/www.akalsigorta.com\/index.php?rest_route=%2Fwp%2Fv2%2Fcomments&post=2688"}],"version-history":[{"count":3,"href":"https:\/\/www.akalsigorta.com\/index.php?rest_route=\/wp\/v2\/pages\/2688\/revisions"}],"predecessor-version":[{"id":2809,"href":"https:\/\/www.akalsigorta.com\/index.php?rest_route=\/wp\/v2\/pages\/2688\/revisions\/2809"}],"wp:attachment":[{"href":"https:\/\/www.akalsigorta.com\/index.php?rest_route=%2Fwp%2Fv2%2Fmedia&parent=2688"}],"curies":[{"name":"wp","href":"https:\/\/api.w.org\/{rel}","templated":true}]}}