{"id":2494,"date":"2020-02-27T01:40:59","date_gmt":"2020-02-27T01:40:59","guid":{"rendered":"http:\/\/www.akalsigorta.com\/?page_id=2494"},"modified":"2020-04-20T23:12:21","modified_gmt":"2020-04-20T23:12:21","slug":"nakliyat-sigortasi","status":"publish","type":"page","link":"https:\/\/www.akalsigorta.com\/?page_id=2494","title":{"rendered":"Nakliyat Sigortas\u0131"},"content":{"rendered":"<p>[vc_row gap=&#8221;35&#8243; equal_height=&#8221;yes&#8221; content_placement=&#8221;top&#8221; css=&#8221;.vc_custom_1538568615552{margin-bottom: 4vh !important;}&#8221; woodmart_parallax=&#8221;0&#8243; woodmart_gradient_switch=&#8221;no&#8221; row_reverse_mobile=&#8221;0&#8243; row_reverse_tablet=&#8221;0&#8243; woodmart_disable_overflow=&#8221;0&#8243;][vc_column woodmart_parallax=&#8221;0&#8243; parallax_scroll=&#8221;no&#8221; woodmart_sticky_column=&#8221;false&#8221; css=&#8221;.vc_custom_1538568458450{margin-bottom: 4vh !important;padding-top: 0px !important;}&#8221; offset=&#8221;vc_col-lg-6 vc_col-md-6 vc_col-xs-12&#8243;][vc_single_image image=&#8221;2496&#8243; img_size=&#8221;full&#8221; alignment=&#8221;center&#8221; parallax_scroll=&#8221;no&#8221; css=&#8221;.vc_custom_1582767937892{margin-bottom: 0px !important;}&#8221;][\/vc_column][vc_column woodmart_color_scheme=&#8221;dark&#8221; woodmart_parallax=&#8221;0&#8243; parallax_scroll=&#8221;no&#8221; woodmart_sticky_column=&#8221;false&#8221; css=&#8221;.vc_custom_1538568468606{margin-bottom: 4vh !important;padding-top: 0px !important;}&#8221; offset=&#8221;vc_col-lg-6 vc_col-md-6 vc_col-xs-12&#8243;]\t\t\n\t\t<div id=\"wd-5e9e2c45d8a30\" class=\"title-wrapper  woodmart-title-color-default woodmart-title-style-default woodmart-title-width-100 text-left woodmart-title-size-custom \">\n\t\t\t\t\t\t\n\t\t\t<div class=\"liner-continer\">\n\t\t\t\t<span class=\"left-line\"><\/span>\n\t\t\t\t<h4 class=\"woodmart-title-container title  woodmart-font-weight-\" >Neden Nakliyat Sigortas\u0131 yapt\u0131r\u0131lmal\u0131d\u0131r?<\/h4>\t\t\t\t\t\t\t\t<span class=\"right-line\"><\/span>\n\t\t\t<\/div>\n\t\t\t\n\t\t\t\t\t\t\t<div class=\"title-after_title\">Gemi, u\u00e7ak, kamyon ya da tren gibi ara\u00e7larla ta\u015f\u0131nan mallar bu sigorta ile poli\u00e7ede yer alan \u015fartlar ve klozlar uyar\u0131nca bir kaza ya da bir olaya ba\u011fl\u0131 olarak fiziken zarar g\u00f6rmesi durumunda Akal Sigorta taraf\u0131ndan teminat alt\u0131na al\u0131n\u0131r.<\/div>\n\t\t\t\t\t\t\n\t\t\t\t\t<\/div>\n\t\t\n\t\t[vc_row_inner][vc_column_inner width=&#8221;1\/2&#8243; css=&#8221;.vc_custom_1538139599864{margin-bottom: 4vh !important;padding-top: 0px !important;}&#8221;]\t\n\t\t\t<div id=\"wd-5e571ddf832a0\" class=\"woodmart-text-block-wrapper color-scheme-dark woodmart-title-size-custom woodmart-title-width-100 text-left vc_custom_1582767587685\">\n\t\t\t\t<div class=\"woodmart-title-container woodmart-text-block font-primary woodmart-font-weight-\">\n\t\t\t\t\t<strong><span class=\"color-primary\">1.<\/span><\/strong> Y\u0131ll\u0131k sevkiyat kapasitesine g\u00f6re (sigorta bedelleri itibariyle) sigorta fiyatlar\u0131nda indirim sa\u011flar\t\t\t\t<\/div>\n\t\t\t\t\t\n\t\t\t<\/div>\n\t\t[\/vc_column_inner][vc_column_inner width=&#8221;1\/2&#8243; css=&#8221;.vc_custom_1538139911551{margin-bottom: 4vh !important;padding-top: 0px !important;}&#8221;]\t\n\t\t\t<div id=\"wd-5e571de5cd594\" class=\"woodmart-text-block-wrapper color-scheme-dark woodmart-title-size-custom woodmart-title-width-100 text-left vc_custom_1582767609990\">\n\t\t\t\t<div class=\"woodmart-title-container woodmart-text-block font-primary woodmart-font-weight-\">\n\t\t\t\t\t<strong><span class=\"color-primary\">2.<\/span><\/strong> S\u00f6zle\u015fmede beher sefer ve\/veya ara\u00e7 ba\u015f\u0131na belirlenmi\u015f olan limite kadar sigortal\u0131n\u0131n ge\u00e7 bildirimde bulunmas\u0131, sigortal\u0131n\u0131n haklar\u0131n\u0131 zedelemez.\t\t\t\t<\/div>\n\t\t\t\t\t\n\t\t\t<\/div>\n\t\t[\/vc_column_inner][\/vc_row_inner][vc_row_inner][vc_column_inner width=&#8221;1\/2&#8243; css=&#8221;.vc_custom_1538139599864{margin-bottom: 4vh !important;padding-top: 0px !important;}&#8221;]\t\n\t\t\t<div id=\"wd-5e571dfc515f4\" class=\"woodmart-text-block-wrapper color-scheme-dark woodmart-title-size-custom woodmart-title-width-100 text-left vc_custom_1582767631447\">\n\t\t\t\t<div class=\"woodmart-title-container woodmart-text-block font-primary woodmart-font-weight-\">\n\t\t\t\t\t<strong><span class=\"color-primary\">3.<\/span><\/strong> S\u00f6zle\u015fmede belirtilen h\u00fck\u00fcmlere ba\u011fl\u0131 olarak belli bir limite kadar sigortal\u0131ya otomatik teminat sa\u011flar.\t\t\t\t<\/div>\n\t\t\t\t\t\n\t\t\t<\/div>\n\t\t[\/vc_column_inner][vc_column_inner width=&#8221;1\/2&#8243; css=&#8221;.vc_custom_1538139911551{margin-bottom: 4vh !important;padding-top: 0px !important;}&#8221;]\t\n\t\t\t<div id=\"wd-5e571e131919f\" class=\"woodmart-text-block-wrapper color-scheme-dark woodmart-title-size-custom woodmart-title-width-100 text-left vc_custom_1582767644645\">\n\t\t\t\t<div class=\"woodmart-title-container woodmart-text-block font-primary woodmart-font-weight-\">\n\t\t\t\t\t<strong><span class=\"color-primary\">4.<\/span><\/strong> Belirli ko\u015fullar\u0131n yerine gelmesi ve s\u00f6zle\u015fmeye not edilmi\u015f olmas\u0131 ko\u015fuluyla prim iadesi sa\u011flar.\t\t\t\t<\/div>\n\t\t\t\t\t\n\t\t\t<\/div>\n\t\t[\/vc_column_inner][\/vc_row_inner]<div id=\"wd-5e583abf0de7a\" class=\"woodmart-button-wrapper text-left\"><a href=\"http:\/\/www.akalsigorta.com\/iletisim\/\" title=\"\u0130leti\u015fim\" class=\"btn btn-color-primary btn-style-default btn-shape-rectangle btn-size-default\">Nakliyat Sigortas\u0131 Teklifi Al<\/a><\/div>[\/vc_column][\/vc_row]<\/p>\n","protected":false},"excerpt":{"rendered":"<p>[vc_row gap=&#8221;35&#8243; equal_height=&#8221;yes&#8221; content_placement=&#8221;top&#8221; css=&#8221;.vc_custom_1538568615552{margin-bottom: 4vh !important;}&#8221; woodmart_parallax=&#8221;0&#8243; woodmart_gradient_switch=&#8221;no&#8221; row_reverse_mobile=&#8221;0&#8243; row_reverse_tablet=&#8221;0&#8243; woodmart_disable_overflow=&#8221;0&#8243;][vc_column woodmart_parallax=&#8221;0&#8243; parallax_scroll=&#8221;no&#8221; woodmart_sticky_column=&#8221;false&#8221; css=&#8221;.vc_custom_1538568458450{margin-bottom: 4vh !important;padding-top: 0px !important;}&#8221;<\/p>\n","protected":false},"author":1,"featured_media":0,"parent":0,"menu_order":0,"comment_status":"closed","ping_status":"closed","template":"","meta":{"footnotes":"","_joinchat":[]},"_links":{"self":[{"href":"https:\/\/www.akalsigorta.com\/index.php?rest_route=\/wp\/v2\/pages\/2494"}],"collection":[{"href":"https:\/\/www.akalsigorta.com\/index.php?rest_route=\/wp\/v2\/pages"}],"about":[{"href":"https:\/\/www.akalsigorta.com\/index.php?rest_route=\/wp\/v2\/types\/page"}],"author":[{"embeddable":true,"href":"https:\/\/www.akalsigorta.com\/index.php?rest_route=\/wp\/v2\/users\/1"}],"replies":[{"embeddable":true,"href":"https:\/\/www.akalsigorta.com\/index.php?rest_route=%2Fwp%2Fv2%2Fcomments&post=2494"}],"version-history":[{"count":4,"href":"https:\/\/www.akalsigorta.com\/index.php?rest_route=\/wp\/v2\/pages\/2494\/revisions"}],"predecessor-version":[{"id":2813,"href":"https:\/\/www.akalsigorta.com\/index.php?rest_route=\/wp\/v2\/pages\/2494\/revisions\/2813"}],"wp:attachment":[{"href":"https:\/\/www.akalsigorta.com\/index.php?rest_route=%2Fwp%2Fv2%2Fmedia&parent=2494"}],"curies":[{"name":"wp","href":"https:\/\/api.w.org\/{rel}","templated":true}]}}