{"id":2491,"date":"2020-02-27T01:32:37","date_gmt":"2020-02-27T01:32:37","guid":{"rendered":"http:\/\/www.akalsigorta.com\/?page_id=2491"},"modified":"2020-02-27T21:47:59","modified_gmt":"2020-02-27T21:47:59","slug":"seyahat-sigortasi","status":"publish","type":"page","link":"https:\/\/www.akalsigorta.com\/?page_id=2491","title":{"rendered":"Seyahat Sigortas\u0131"},"content":{"rendered":"<p>[vc_row gap=&#8221;35&#8243; equal_height=&#8221;yes&#8221; content_placement=&#8221;top&#8221; css=&#8221;.vc_custom_1538568615552{margin-bottom: 4vh !important;}&#8221; woodmart_parallax=&#8221;0&#8243; woodmart_gradient_switch=&#8221;no&#8221; row_reverse_mobile=&#8221;0&#8243; row_reverse_tablet=&#8221;0&#8243; woodmart_disable_overflow=&#8221;0&#8243;][vc_column woodmart_parallax=&#8221;0&#8243; parallax_scroll=&#8221;no&#8221; woodmart_sticky_column=&#8221;false&#8221; css=&#8221;.vc_custom_1538568458450{margin-bottom: 4vh !important;padding-top: 0px !important;}&#8221; offset=&#8221;vc_col-lg-6 vc_col-md-6 vc_col-xs-12&#8243;][vc_single_image image=&#8221;2492&#8243; img_size=&#8221;full&#8221; alignment=&#8221;center&#8221; parallax_scroll=&#8221;no&#8221; css=&#8221;.vc_custom_1582767005516{margin-bottom: 0px !important;}&#8221;][\/vc_column][vc_column woodmart_color_scheme=&#8221;dark&#8221; woodmart_parallax=&#8221;0&#8243; parallax_scroll=&#8221;no&#8221; woodmart_sticky_column=&#8221;false&#8221; css=&#8221;.vc_custom_1538568468606{margin-bottom: 4vh !important;padding-top: 0px !important;}&#8221; offset=&#8221;vc_col-lg-6 vc_col-md-6 vc_col-xs-12&#8243;]\t\t\n\t\t<div id=\"wd-5e571b1035ce4\" class=\"title-wrapper  woodmart-title-color-default woodmart-title-style-default woodmart-title-width-100 text-left woodmart-title-size-custom \">\n\t\t\t\t\t\t\n\t\t\t<div class=\"liner-continer\">\n\t\t\t\t<span class=\"left-line\"><\/span>\n\t\t\t\t<h4 class=\"woodmart-title-container title  woodmart-font-weight-\" >Neden Seyahat Sigortas\u0131 yapt\u0131r\u0131lmal\u0131d\u0131r?<\/h4>\t\t\t\t\t\t\t\t<span class=\"right-line\"><\/span>\n\t\t\t<\/div>\n\t\t\t\n\t\t\t\t\t\t\t<div class=\"title-after_title\">Seyahat i\u00e7in ge\u00e7ici olarak yapt\u0131rabilece\u011finiz sigorta, farkl\u0131 g\u00fcn ve s\u00fcreler i\u00e7in ayarlanabilir. Tatilde olaca\u011f\u0131n\u0131z s\u00fcreye g\u00f6re sigorta s\u00fcresini tercih etme hakk\u0131n\u0131z bulunmaktad\u0131r. Seyahat i\u00e7in ihtiyac\u0131n\u0131z olan sigorta s\u00fcresini belirleyerek diledi\u011finiz zaman dilimi i\u00e7in sigorta sat\u0131n alabilirsiniz.<\/div>\n\t\t\t\t\t\t\n\t\t\t\t\t<\/div>\n\t\t\n\t\t[vc_row_inner][vc_column_inner width=&#8221;1\/2&#8243; css=&#8221;.vc_custom_1538139599864{margin-bottom: 4vh !important;padding-top: 0px !important;}&#8221;]\t\n\t\t\t<div id=\"wd-5e571ba0a6b64\" class=\"woodmart-text-block-wrapper color-scheme-dark woodmart-title-size-custom woodmart-title-width-100 text-left vc_custom_1582767063556\">\n\t\t\t\t<div class=\"woodmart-title-container woodmart-text-block font-primary woodmart-font-weight-\">\n\t\t\t\t\t<strong><span class=\"color-primary\">1.<\/span><\/strong> Seyahat sigortas\u0131 zorunlu bir sigorta de\u011fildir. Fakat yurtd\u0131\u015f\u0131 seyahatlerinde ki\u015filerin tercih ettikleri \u00fclkelere g\u00f6re bu zorunluluk de\u011fi\u015fmektedir. Baz\u0131 \u00fclkeler vize ba\u015fvurusu s\u0131ras\u0131nda seyahat sa\u011fl\u0131k sigortas\u0131n\u0131 da isterler. Schengen s\u0131n\u0131rlar\u0131nda yer alan \u00fclkeler, Amerika ve Kanada i\u00e7in vize ba\u015fvurular\u0131nda seyahat sa\u011fl\u0131k sigortas\u0131 zorunludur.\t\t\t\t<\/div>\n\t\t\t\t\t\n\t\t\t<\/div>\n\t\t[\/vc_column_inner][vc_column_inner width=&#8221;1\/2&#8243; css=&#8221;.vc_custom_1538139911551{margin-bottom: 4vh !important;padding-top: 0px !important;}&#8221;]\t\n\t\t\t<div id=\"wd-5e571bd963cc7\" class=\"woodmart-text-block-wrapper color-scheme-dark woodmart-title-size-custom woodmart-title-width-100 text-left vc_custom_1582767080071\">\n\t\t\t\t<div class=\"woodmart-title-container woodmart-text-block font-primary woodmart-font-weight-\">\n\t\t\t\t\t<strong><span class=\"color-primary\">2.<\/span><\/strong> Seyahat sigortas\u0131 ge\u00e7erlilik s\u00fcresi, ki\u015finin pasaportu ile yurtd\u0131\u015f\u0131 seyahatine \u00e7\u0131kmas\u0131 ile ba\u015flar. \u00dclke s\u0131n\u0131rlar\u0131na giri\u015f yapmas\u0131 ile biter. Ki\u015finin, sigortaya arac\u0131 olan kurum\/kurulu\u015f, acente veya bankas\u0131na seyahatini ger\u00e7ekle\u015ftirece\u011fi g\u00fcn say\u0131s\u0131n\u0131 ve bu seyahate \u00e7\u0131k\u0131\u015f-giri\u015f tarihlerini belirtmesi ile poli\u00e7e olu\u015fturulur.\t\t\t\t<\/div>\n\t\t\t\t\t\n\t\t\t<\/div>\n\t\t[\/vc_column_inner][\/vc_row_inner][vc_row_inner][vc_column_inner width=&#8221;1\/2&#8243; css=&#8221;.vc_custom_1538139599864{margin-bottom: 4vh !important;padding-top: 0px !important;}&#8221;]\t\n\t\t\t<div id=\"wd-5e571bfbd2128\" class=\"woodmart-text-block-wrapper color-scheme-dark woodmart-title-size-custom woodmart-title-width-100 text-left vc_custom_1582767104582\">\n\t\t\t\t<div class=\"woodmart-title-container woodmart-text-block font-primary woodmart-font-weight-\">\n\t\t\t\t\t<strong><span class=\"color-primary\">3.<\/span><\/strong> Seyahat sigortas\u0131 ki\u015filerin yurtd\u0131\u015f\u0131 seyahatlerinde kar\u015f\u0131la\u015fabilece\u011fi her t\u00fcrl\u00fc hastal\u0131k, kaza, yaralanma veya \u00f6l\u00fcm durumunda ki i\u015flemler olmak ile beraber u\u00e7u\u015fun r\u00f6tar yapmas\u0131, u\u00e7a\u011f\u0131 ka\u00e7\u0131rma (ge\u00e7 kal\u0131nmas\u0131) durumlar\u0131na kar\u015f\u0131 da ki\u015fiye teminat vermektedir.\t\t\t\t<\/div>\n\t\t\t\t\t\n\t\t\t<\/div>\n\t\t[\/vc_column_inner][vc_column_inner width=&#8221;1\/2&#8243; css=&#8221;.vc_custom_1538139911551{margin-bottom: 4vh !important;padding-top: 0px !important;}&#8221;]\t\n\t\t\t<div id=\"wd-5e571c0210624\" class=\"woodmart-text-block-wrapper color-scheme-dark woodmart-title-size-custom woodmart-title-width-100 text-left vc_custom_1582767139813\">\n\t\t\t\t<div class=\"woodmart-title-container woodmart-text-block font-primary woodmart-font-weight-\">\n\t\t\t\t\t<strong><span class=\"color-primary\">4.<\/span><\/strong> Herhangi ek teminat eklenmemesi durumunda t\u00fcm seyahat sigortalar\u0131 sabit teminatl\u0131d\u0131r. Aksi belirtilmedi\u011fi s\u00fcrece yap\u0131lan sigorta \u00f6\u011flen saat 12.30&#8217;da\u00a0ba\u015flamaktad\u0131r. Bu sebeple herhangi bir sorun ya\u015fanmamas\u0131 ad\u0131na yurtd\u0131\u015f\u0131na \u00e7\u0131k\u0131\u015f tarihinden bir g\u00fcn \u00f6nce poli\u00e7e ba\u015flat\u0131l\u0131p, d\u00f6n\u00fc\u015f tarihinin ise bir g\u00fcn sonras\u0131 i\u00e7in poli\u00e7e biti\u015fi yap\u0131lmas\u0131 daha sa\u011fl\u0131kl\u0131d\u0131r.\t\t\t\t<\/div>\n\t\t\t\t\t\n\t\t\t<\/div>\n\t\t[\/vc_column_inner][\/vc_row_inner]<div id=\"wd-5e5839078a115\" class=\"woodmart-button-wrapper text-left\"><a href=\"http:\/\/www.akalsigorta.com\/seyahat-sigortasi-teklifi-al\/\" title=\"Seyahat Sigortas\u0131 Teklifi Al\" class=\"btn btn-color-primary btn-style-default btn-shape-rectangle btn-size-default\">Seyahat Sigortas\u0131 Teklifi Al<\/a><\/div>[\/vc_column][\/vc_row]<\/p>\n","protected":false},"excerpt":{"rendered":"<p>[vc_row gap=&#8221;35&#8243; equal_height=&#8221;yes&#8221; content_placement=&#8221;top&#8221; css=&#8221;.vc_custom_1538568615552{margin-bottom: 4vh !important;}&#8221; woodmart_parallax=&#8221;0&#8243; woodmart_gradient_switch=&#8221;no&#8221; row_reverse_mobile=&#8221;0&#8243; row_reverse_tablet=&#8221;0&#8243; woodmart_disable_overflow=&#8221;0&#8243;][vc_column woodmart_parallax=&#8221;0&#8243; parallax_scroll=&#8221;no&#8221; woodmart_sticky_column=&#8221;false&#8221; css=&#8221;.vc_custom_1538568458450{margin-bottom: 4vh !important;padding-top: 0px !important;}&#8221;<\/p>\n","protected":false},"author":1,"featured_media":0,"parent":0,"menu_order":0,"comment_status":"closed","ping_status":"closed","template":"","meta":{"footnotes":"","_joinchat":[]},"_links":{"self":[{"href":"https:\/\/www.akalsigorta.com\/index.php?rest_route=\/wp\/v2\/pages\/2491"}],"collection":[{"href":"https:\/\/www.akalsigorta.com\/index.php?rest_route=\/wp\/v2\/pages"}],"about":[{"href":"https:\/\/www.akalsigorta.com\/index.php?rest_route=\/wp\/v2\/types\/page"}],"author":[{"embeddable":true,"href":"https:\/\/www.akalsigorta.com\/index.php?rest_route=\/wp\/v2\/users\/1"}],"replies":[{"embeddable":true,"href":"https:\/\/www.akalsigorta.com\/index.php?rest_route=%2Fwp%2Fv2%2Fcomments&post=2491"}],"version-history":[{"count":2,"href":"https:\/\/www.akalsigorta.com\/index.php?rest_route=\/wp\/v2\/pages\/2491\/revisions"}],"predecessor-version":[{"id":2690,"href":"https:\/\/www.akalsigorta.com\/index.php?rest_route=\/wp\/v2\/pages\/2491\/revisions\/2690"}],"wp:attachment":[{"href":"https:\/\/www.akalsigorta.com\/index.php?rest_route=%2Fwp%2Fv2%2Fmedia&parent=2491"}],"curies":[{"name":"wp","href":"https:\/\/api.w.org\/{rel}","templated":true}]}}