{"id":2468,"date":"2020-02-27T01:01:49","date_gmt":"2020-02-27T01:01:49","guid":{"rendered":"http:\/\/www.akalsigorta.com\/?page_id=2468"},"modified":"2020-02-27T21:57:45","modified_gmt":"2020-02-27T21:57:45","slug":"ozel-saglik-sigortasi","status":"publish","type":"page","link":"https:\/\/www.akalsigorta.com\/?page_id=2468","title":{"rendered":"\u00d6zel Sa\u011fl\u0131k Sigortas\u0131"},"content":{"rendered":"<p>[vc_row gap=&#8221;35&#8243; equal_height=&#8221;yes&#8221; content_placement=&#8221;top&#8221; css=&#8221;.vc_custom_1538568615552{margin-bottom: 4vh !important;}&#8221; woodmart_parallax=&#8221;0&#8243; woodmart_gradient_switch=&#8221;no&#8221; row_reverse_mobile=&#8221;0&#8243; row_reverse_tablet=&#8221;0&#8243; woodmart_disable_overflow=&#8221;0&#8243;][vc_column woodmart_parallax=&#8221;0&#8243; parallax_scroll=&#8221;no&#8221; woodmart_sticky_column=&#8221;false&#8221; css=&#8221;.vc_custom_1538568458450{margin-bottom: 4vh !important;padding-top: 0px !important;}&#8221; offset=&#8221;vc_col-lg-6 vc_col-md-6 vc_col-xs-12&#8243;][vc_single_image image=&#8221;2470&#8243; img_size=&#8221;full&#8221; alignment=&#8221;center&#8221; parallax_scroll=&#8221;no&#8221; css=&#8221;.vc_custom_1582765453304{margin-bottom: 0px !important;}&#8221;][\/vc_column][vc_column woodmart_color_scheme=&#8221;dark&#8221; woodmart_parallax=&#8221;0&#8243; parallax_scroll=&#8221;no&#8221; woodmart_sticky_column=&#8221;false&#8221; css=&#8221;.vc_custom_1538568468606{margin-bottom: 4vh !important;padding-top: 0px !important;}&#8221; offset=&#8221;vc_col-lg-6 vc_col-md-6 vc_col-xs-12&#8243;]\t\t\n\t\t<div id=\"wd-5e57147972552\" class=\"title-wrapper  woodmart-title-color-default woodmart-title-style-default woodmart-title-width-100 text-left woodmart-title-size-custom \">\n\t\t\t\t\t\t\n\t\t\t<div class=\"liner-continer\">\n\t\t\t\t<span class=\"left-line\"><\/span>\n\t\t\t\t<h4 class=\"woodmart-title-container title  woodmart-font-weight-\" >Neden \u00d6zel Sa\u011fl\u0131k Sigortas\u0131 yapt\u0131r\u0131lmal\u0131d\u0131r?<\/h4>\t\t\t\t\t\t\t\t<span class=\"right-line\"><\/span>\n\t\t\t<\/div>\n\t\t\t\n\t\t\t\t\t\t\t<div class=\"title-after_title\">\u00d6zel sa\u011fl\u0131k sigortas\u0131 \u00e7\u00f6z\u00fcmlerimiz ile bir kaza veya hastal\u0131k sonucunda ortaya \u00e7\u0131kabilecek sa\u011fl\u0131k giderlerinizi y\u00fczde 100\u2019e kadar g\u00fcvence alt\u0131na al\u0131yoruz..<\/div>\n\t\t\t\t\t\t\n\t\t\t\t\t<\/div>\n\t\t\n\t\t[vc_row_inner][vc_column_inner width=&#8221;1\/2&#8243; css=&#8221;.vc_custom_1538139599864{margin-bottom: 4vh !important;padding-top: 0px !important;}&#8221;]\t\n\t\t\t<div id=\"wd-5e571489a876c\" class=\"woodmart-text-block-wrapper color-scheme-dark woodmart-title-size-custom woodmart-title-width-100 text-left vc_custom_1582765251080\">\n\t\t\t\t<div class=\"woodmart-title-container woodmart-text-block font-primary woodmart-font-weight-\">\n\t\t\t\t\t<strong><span class=\"color-primary\">1.<\/span><\/strong> \u00d6zel sa\u011fl\u0131k sigortas\u0131 sayesinde diledi\u011finiz hastanede, g\u00fcvendi\u011finiz bir doktora tedavi olabilirsiniz.\t\t\t\t<\/div>\n\t\t\t\t\t\n\t\t\t<\/div>\n\t\t[\/vc_column_inner][vc_column_inner width=&#8221;1\/2&#8243; css=&#8221;.vc_custom_1538139911551{margin-bottom: 4vh !important;padding-top: 0px !important;}&#8221;]\t\n\t\t\t<div id=\"wd-5e5714c5523ae\" class=\"woodmart-text-block-wrapper color-scheme-dark woodmart-title-size-custom woodmart-title-width-100 text-left vc_custom_1582765268896\">\n\t\t\t\t<div class=\"woodmart-title-container woodmart-text-block font-primary woodmart-font-weight-\">\n\t\t\t\t\t<strong><span class=\"color-primary\">2.<\/span><\/strong> \u00d6zel sa\u011fl\u0131k sigortan\u0131z\u0131n \u015fartlar\u0131 gere\u011fince, tedavinizi yurt d\u0131\u015f\u0131nda da ger\u00e7ekle\u015ftirebilirsiniz.\t\t\t\t<\/div>\n\t\t\t\t\t\n\t\t\t<\/div>\n\t\t[\/vc_column_inner][vc_column_inner width=&#8221;1\/2&#8243; css=&#8221;.vc_custom_1538139939673{margin-bottom: 4vh !important;}&#8221;]\t\n\t\t\t<div id=\"wd-5e5714d8ed721\" class=\"woodmart-text-block-wrapper color-scheme-dark woodmart-title-size-custom woodmart-title-width-100 text-left vc_custom_1582765287664\">\n\t\t\t\t<div class=\"woodmart-title-container woodmart-text-block font-primary woodmart-font-weight-\">\n\t\t\t\t\t<strong><span class=\"color-primary\">3.<\/span><\/strong> \u00d6zel sa\u011fl\u0131k sigortas\u0131 kapsam\u0131nda iyi bir tedavinin yan\u0131 s\u0131ra, kaliteli bir hizmet g\u00f6rebilece\u011finiz \u00f6zel hastanelerden faydalanabilirsiniz.\t\t\t\t<\/div>\n\t\t\t\t\t\n\t\t\t<\/div>\n\t\t[\/vc_column_inner][vc_column_inner width=&#8221;1\/2&#8243; css=&#8221;.vc_custom_1538139945223{margin-bottom: 4vh !important;}&#8221;]\t\n\t\t\t<div id=\"wd-5e5714eb5aa9c\" class=\"woodmart-text-block-wrapper color-scheme-dark woodmart-title-size-custom woodmart-title-width-100 text-left vc_custom_1582765307058\">\n\t\t\t\t<div class=\"woodmart-title-container woodmart-text-block font-primary woodmart-font-weight-\">\n\t\t\t\t\t<strong><span class=\"color-primary\">4.<\/span><\/strong> Yatarak tedavi olma durumunda ameliyat giderlerinden refakat\u00e7i giderlerine, yo\u011fun bak\u0131m giderinden k\u00fc\u00e7\u00fck m\u00fcdahalelere kadar size masraf olarak d\u00f6necek t\u00fcm durumlardan sa\u011fl\u0131k sigortas\u0131 sayesinde korunabilirsiniz.\t\t\t\t<\/div>\n\t\t\t\t\t\n\t\t\t<\/div>\n\t\t[\/vc_column_inner][\/vc_row_inner]<div id=\"wd-5e583b51d67e2\" class=\"woodmart-button-wrapper text-left\"><a href=\"http:\/\/www.akalsigorta.com\/iletisim\/\" title=\"\u0130leti\u015fim\" class=\"btn btn-color-primary btn-style-default btn-shape-rectangle btn-size-default\">\u00d6zel Sa\u011fl\u0131k Sigortas\u0131 Teklifi Al<\/a><\/div>[\/vc_column][\/vc_row]<\/p>\n","protected":false},"excerpt":{"rendered":"<p>[vc_row gap=&#8221;35&#8243; equal_height=&#8221;yes&#8221; content_placement=&#8221;top&#8221; css=&#8221;.vc_custom_1538568615552{margin-bottom: 4vh !important;}&#8221; woodmart_parallax=&#8221;0&#8243; woodmart_gradient_switch=&#8221;no&#8221; row_reverse_mobile=&#8221;0&#8243; row_reverse_tablet=&#8221;0&#8243; woodmart_disable_overflow=&#8221;0&#8243;][vc_column woodmart_parallax=&#8221;0&#8243; parallax_scroll=&#8221;no&#8221; woodmart_sticky_column=&#8221;false&#8221; css=&#8221;.vc_custom_1538568458450{margin-bottom: 4vh !important;padding-top: 0px !important;}&#8221;<\/p>\n","protected":false},"author":1,"featured_media":0,"parent":0,"menu_order":0,"comment_status":"closed","ping_status":"closed","template":"","meta":{"footnotes":"","_joinchat":[]},"_links":{"self":[{"href":"https:\/\/www.akalsigorta.com\/index.php?rest_route=\/wp\/v2\/pages\/2468"}],"collection":[{"href":"https:\/\/www.akalsigorta.com\/index.php?rest_route=\/wp\/v2\/pages"}],"about":[{"href":"https:\/\/www.akalsigorta.com\/index.php?rest_route=\/wp\/v2\/types\/page"}],"author":[{"embeddable":true,"href":"https:\/\/www.akalsigorta.com\/index.php?rest_route=\/wp\/v2\/users\/1"}],"replies":[{"embeddable":true,"href":"https:\/\/www.akalsigorta.com\/index.php?rest_route=%2Fwp%2Fv2%2Fcomments&post=2468"}],"version-history":[{"count":4,"href":"https:\/\/www.akalsigorta.com\/index.php?rest_route=\/wp\/v2\/pages\/2468\/revisions"}],"predecessor-version":[{"id":2698,"href":"https:\/\/www.akalsigorta.com\/index.php?rest_route=\/wp\/v2\/pages\/2468\/revisions\/2698"}],"wp:attachment":[{"href":"https:\/\/www.akalsigorta.com\/index.php?rest_route=%2Fwp%2Fv2%2Fmedia&parent=2468"}],"curies":[{"name":"wp","href":"https:\/\/api.w.org\/{rel}","templated":true}]}}