{"id":2451,"date":"2020-02-27T00:29:35","date_gmt":"2020-02-27T00:29:35","guid":{"rendered":"http:\/\/www.akalsigorta.com\/?page_id=2451"},"modified":"2020-02-27T21:50:22","modified_gmt":"2020-02-27T21:50:22","slug":"konut-sigortasi-2","status":"publish","type":"page","link":"https:\/\/www.akalsigorta.com\/?page_id=2451","title":{"rendered":"Konut Sigortas\u0131"},"content":{"rendered":"<p>[vc_row gap=&#8221;35&#8243; equal_height=&#8221;yes&#8221; content_placement=&#8221;top&#8221; css=&#8221;.vc_custom_1538568615552{margin-bottom: 4vh !important;}&#8221; woodmart_parallax=&#8221;0&#8243; woodmart_gradient_switch=&#8221;no&#8221; row_reverse_mobile=&#8221;0&#8243; row_reverse_tablet=&#8221;0&#8243; woodmart_disable_overflow=&#8221;0&#8243;][vc_column woodmart_parallax=&#8221;0&#8243; parallax_scroll=&#8221;no&#8221; woodmart_sticky_column=&#8221;false&#8221; css=&#8221;.vc_custom_1538568458450{margin-bottom: 4vh !important;padding-top: 0px !important;}&#8221; offset=&#8221;vc_col-lg-6 vc_col-md-6 vc_col-xs-12&#8243;][vc_single_image image=&#8221;2454&#8243; img_size=&#8221;full&#8221; alignment=&#8221;center&#8221; parallax_scroll=&#8221;no&#8221; css=&#8221;.vc_custom_1582763842214{margin-bottom: 0px !important;}&#8221;][\/vc_column][vc_column woodmart_color_scheme=&#8221;dark&#8221; woodmart_parallax=&#8221;0&#8243; parallax_scroll=&#8221;no&#8221; woodmart_sticky_column=&#8221;false&#8221; css=&#8221;.vc_custom_1538568468606{margin-bottom: 4vh !important;padding-top: 0px !important;}&#8221; offset=&#8221;vc_col-lg-6 vc_col-md-6 vc_col-xs-12&#8243;]\t\t\n\t\t<div id=\"wd-5e570c90ae11b\" class=\"title-wrapper  woodmart-title-color-default woodmart-title-style-default woodmart-title-width-100 text-left woodmart-title-size-custom \">\n\t\t\t\t\t\t\n\t\t\t<div class=\"liner-continer\">\n\t\t\t\t<span class=\"left-line\"><\/span>\n\t\t\t\t<h4 class=\"woodmart-title-container title  woodmart-font-weight-\" >Konut Sigortas\u0131 neden yapt\u0131r\u0131lmal\u0131d\u0131r?<\/h4>\t\t\t\t\t\t\t\t<span class=\"right-line\"><\/span>\n\t\t\t<\/div>\n\t\t\t\n\t\t\t\t\t\t\t<div class=\"title-after_title\">Evin oturulamaz hale gelmesi ile kirac\u0131 ta\u015f\u0131nmak zorunda kalabilir; ev sahibi kira gelirinden mahrum olabilir. Ta\u015f\u0131nma ve enkaz kald\u0131rma giderleri de b\u00fcy\u00fck bir k\u00fclfet olu\u015fturabilir. \u0130\u015fte konut poli\u00e7esi bu gibi durumlarda hayat\u0131n\u0131z\u0131 kolayla\u015ft\u0131r\u0131r.<\/div>\n\t\t\t\t\t\t\n\t\t\t\t\t<\/div>\n\t\t\n\t\t[vc_row_inner][vc_column_inner width=&#8221;1\/2&#8243; css=&#8221;.vc_custom_1538139599864{margin-bottom: 4vh !important;padding-top: 0px !important;}&#8221;]\t\n\t\t\t<div id=\"wd-5e570d0aae077\" class=\"woodmart-text-block-wrapper color-scheme-dark woodmart-title-size-custom woodmart-title-width-100 text-left vc_custom_1582763279281\">\n\t\t\t\t<div class=\"woodmart-title-container woodmart-text-block font-primary woodmart-font-weight-\">\n\t\t\t\t\t<strong><span class=\"color-primary\">1.<\/span><\/strong> Konut Sigortas\u0131 kapsam\u0131nda sigortal\u0131lar\u0131m\u0131z\u0131n hayat\u0131n\u0131 kolayla\u015ft\u0131racak ve herhangi bir ek \u00fccret istemeden verilen asistans hizmetlerini de sunuyoruz.\t\t\t\t<\/div>\n\t\t\t\t\t\n\t\t\t<\/div>\n\t\t[\/vc_column_inner][vc_column_inner width=&#8221;1\/2&#8243; css=&#8221;.vc_custom_1538139911551{margin-bottom: 4vh !important;padding-top: 0px !important;}&#8221;]\t\n\t\t\t<div id=\"wd-5e570d11373e8\" class=\"woodmart-text-block-wrapper color-scheme-dark woodmart-title-size-custom woodmart-title-width-100 text-left vc_custom_1582763293258\">\n\t\t\t\t<div class=\"woodmart-title-container woodmart-text-block font-primary woodmart-font-weight-\">\n\t\t\t\t\t<strong><span class=\"color-primary\">2.<\/span><\/strong> Poli\u00e7eniz ile konutunuzda kar\u015f\u0131la\u015fabilece\u011finiz riskleri teminat alt\u0131na alarak, bir\u00e7ok asistans hizmete de tek poli\u00e7e i\u00e7erisinde sahip olabilirsiniz. \u00dcstelik, ev ve i\u00e7indeki e\u015fyan\u0131n yan\u0131 s\u0131ra, evin i\u00e7inde ya\u015fayanlar ile sorumluluklar\u0131n\u0131 da teminat alt\u0131na al\u0131rs\u0131n\u0131z.\t\t\t\t<\/div>\n\t\t\t\t\t\n\t\t\t<\/div>\n\t\t[\/vc_column_inner][vc_column_inner width=&#8221;1\/2&#8243; css=&#8221;.vc_custom_1538139939673{margin-bottom: 4vh !important;}&#8221;]\t\n\t\t\t<div id=\"wd-5e570d1f77fc8\" class=\"woodmart-text-block-wrapper color-scheme-dark woodmart-title-size-custom woodmart-title-width-100 text-left vc_custom_1582763307237\">\n\t\t\t\t<div class=\"woodmart-title-container woodmart-text-block font-primary woodmart-font-weight-\">\n\t\t\t\t\t<strong><span class=\"color-primary\">3.<\/span><\/strong> Yeni Nesil Konut Paketleri ve Mod\u00fcler Konut Paket Sigortas\u0131 \u00fcr\u00fcnlerimiz; ev ve e\u015fyay\u0131 teminat alt\u0131na alarak sizi b\u00fct\u00fcn bu y\u00fcklerden kurtar\u0131r ve mutlulu\u011funuzu g\u00fcvence alt\u0131na al\u0131r. Hesapl\u0131, Standart ve Elit olmak \u00fczere 3 ayr\u0131 i\u00e7erikte olu\u015fturulan Yeni Nesil Konut Paket Sigorta Poli\u00e7emiz ile de \u015fimdi farkl\u0131 b\u00fct\u00e7elere g\u00f6re farkl\u0131 paket alternatiflerimizi tercih edebilirsiniz.\t\t\t\t<\/div>\n\t\t\t\t\t\n\t\t\t<\/div>\n\t\t[\/vc_column_inner][vc_column_inner width=&#8221;1\/2&#8243; css=&#8221;.vc_custom_1538139945223{margin-bottom: 4vh !important;}&#8221;]\t\n\t\t\t<div id=\"wd-5e570d2e0f580\" class=\"woodmart-text-block-wrapper color-scheme-dark woodmart-title-size-custom woodmart-title-width-100 text-left vc_custom_1582763321961\">\n\t\t\t\t<div class=\"woodmart-title-container woodmart-text-block font-primary woodmart-font-weight-\">\n\t\t\t\t\t<strong><span class=\"color-primary\">4.<\/span><\/strong> konutta meydana gelen hasar sonucu olu\u015fan tesisat ve elektrik sorunlar\u0131n\u0131n tamirat\u0131ndan, doktor veya ambulans g\u00f6nderilmesine, otel hizmetine veya konutta kalan ki\u015filerin kurtar\u0131lmas\u0131na kadar geni\u015f bir yelpazede bulunmaktad\u0131r.\t\t\t\t<\/div>\n\t\t\t\t\t\n\t\t\t<\/div>\n\t\t[\/vc_column_inner][\/vc_row_inner]<div id=\"wd-5e58398538a85\" class=\"woodmart-button-wrapper text-left\"><a href=\"http:\/\/www.akalsigorta.com\/iletisim\/\" title=\"\u0130leti\u015fim\" class=\"btn btn-color-primary btn-style-default btn-shape-rectangle btn-size-default\">Konut Sigortas\u0131 Teklifi Al<\/a><\/div>[\/vc_column][\/vc_row]<\/p>\n","protected":false},"excerpt":{"rendered":"<p>[vc_row gap=&#8221;35&#8243; equal_height=&#8221;yes&#8221; content_placement=&#8221;top&#8221; css=&#8221;.vc_custom_1538568615552{margin-bottom: 4vh !important;}&#8221; woodmart_parallax=&#8221;0&#8243; woodmart_gradient_switch=&#8221;no&#8221; row_reverse_mobile=&#8221;0&#8243; row_reverse_tablet=&#8221;0&#8243; woodmart_disable_overflow=&#8221;0&#8243;][vc_column woodmart_parallax=&#8221;0&#8243; parallax_scroll=&#8221;no&#8221; woodmart_sticky_column=&#8221;false&#8221; css=&#8221;.vc_custom_1538568458450{margin-bottom: 4vh !important;padding-top: 0px !important;}&#8221;<\/p>\n","protected":false},"author":1,"featured_media":0,"parent":0,"menu_order":0,"comment_status":"closed","ping_status":"closed","template":"","meta":{"footnotes":"","_joinchat":[]},"_links":{"self":[{"href":"https:\/\/www.akalsigorta.com\/index.php?rest_route=\/wp\/v2\/pages\/2451"}],"collection":[{"href":"https:\/\/www.akalsigorta.com\/index.php?rest_route=\/wp\/v2\/pages"}],"about":[{"href":"https:\/\/www.akalsigorta.com\/index.php?rest_route=\/wp\/v2\/types\/page"}],"author":[{"embeddable":true,"href":"https:\/\/www.akalsigorta.com\/index.php?rest_route=\/wp\/v2\/users\/1"}],"replies":[{"embeddable":true,"href":"https:\/\/www.akalsigorta.com\/index.php?rest_route=%2Fwp%2Fv2%2Fcomments&post=2451"}],"version-history":[{"count":3,"href":"https:\/\/www.akalsigorta.com\/index.php?rest_route=\/wp\/v2\/pages\/2451\/revisions"}],"predecessor-version":[{"id":2692,"href":"https:\/\/www.akalsigorta.com\/index.php?rest_route=\/wp\/v2\/pages\/2451\/revisions\/2692"}],"wp:attachment":[{"href":"https:\/\/www.akalsigorta.com\/index.php?rest_route=%2Fwp%2Fv2%2Fmedia&parent=2451"}],"curies":[{"name":"wp","href":"https:\/\/api.w.org\/{rel}","templated":true}]}}