{"id":2443,"date":"2020-02-26T23:56:30","date_gmt":"2020-02-26T23:56:30","guid":{"rendered":"http:\/\/www.akalsigorta.com\/?page_id=2443"},"modified":"2020-02-27T21:51:53","modified_gmt":"2020-02-27T21:51:53","slug":"isyeri-sigortasi","status":"publish","type":"page","link":"https:\/\/www.akalsigorta.com\/?page_id=2443","title":{"rendered":"\u0130\u015fyeri Sigortas\u0131"},"content":{"rendered":"<p>[vc_row gap=&#8221;35&#8243; equal_height=&#8221;yes&#8221; content_placement=&#8221;top&#8221; css=&#8221;.vc_custom_1538568615552{margin-bottom: 4vh !important;}&#8221; woodmart_parallax=&#8221;0&#8243; woodmart_gradient_switch=&#8221;no&#8221; row_reverse_mobile=&#8221;0&#8243; row_reverse_tablet=&#8221;0&#8243; woodmart_disable_overflow=&#8221;0&#8243;][vc_column woodmart_parallax=&#8221;0&#8243; parallax_scroll=&#8221;no&#8221; woodmart_sticky_column=&#8221;false&#8221; css=&#8221;.vc_custom_1538568458450{margin-bottom: 4vh !important;padding-top: 0px !important;}&#8221; offset=&#8221;vc_col-lg-6 vc_col-md-6 vc_col-xs-12&#8243;][vc_single_image image=&#8221;2444&#8243; img_size=&#8221;full&#8221; alignment=&#8221;center&#8221; parallax_scroll=&#8221;no&#8221; css=&#8221;.vc_custom_1582761364648{margin-bottom: 0px !important;}&#8221;][\/vc_column][vc_column woodmart_color_scheme=&#8221;dark&#8221; woodmart_parallax=&#8221;0&#8243; parallax_scroll=&#8221;no&#8221; woodmart_sticky_column=&#8221;false&#8221; css=&#8221;.vc_custom_1538568468606{margin-bottom: 4vh !important;padding-top: 0px !important;}&#8221; offset=&#8221;vc_col-lg-6 vc_col-md-6 vc_col-xs-12&#8243;]\t\t\n\t\t<div id=\"wd-5e5705c30397d\" class=\"title-wrapper  woodmart-title-color-default woodmart-title-style-default woodmart-title-width-100 text-left woodmart-title-size-custom \">\n\t\t\t\t\t\t\n\t\t\t<div class=\"liner-continer\">\n\t\t\t\t<span class=\"left-line\"><\/span>\n\t\t\t\t<h4 class=\"woodmart-title-container title  woodmart-font-weight-\" >Neden \u0130\u015fyeri Sigortas\u0131 Yapt\u0131rmal\u0131y\u0131m?<\/h4>\t\t\t\t\t\t\t\t<span class=\"right-line\"><\/span>\n\t\t\t<\/div>\n\t\t\t\n\t\t\t\t\t\t\t<div class=\"title-after_title\">\u00dclkemizde KOB\u0130 ve i\u015fyerleri i\u00e7in sigorta g\u00fcvencesi\u00ad ya\u015famsal \u00f6neme sahiptir. Bu i\u015fletmeler, piyasadaki olumsuz geli\u015fmeler ve ekono\u00admik krizlerin yan\u0131s\u0131ra \u00e7e\u015fitli afetler, beklenmeyen olaylar, ha\u00adsarlar ve kazalar kar\u015f\u0131s\u0131nda da varl\u0131klar\u0131n\u0131 yine \u00e7ok h\u0131zl\u0131 ve kolayca yitirebilmektedir\u00adler. Bu nedenle, i\u015fyerleriniz i\u00e7in sigorta g\u00fcvencesi, i\u00e7 ve d\u0131\u015f piyasada etkin ve g\u00fc\u00e7l\u00fc bir \u015fekilde yer alman\u0131z\u0131n temel dayanaklar\u0131n\u00addan biridir.<\/div>\n\t\t\t\t\t\t\n\t\t\t\t\t<\/div>\n\t\t\n\t\t[vc_row_inner][vc_column_inner width=&#8221;1\/2&#8243; css=&#8221;.vc_custom_1538139599864{margin-bottom: 4vh !important;padding-top: 0px !important;}&#8221;]\t\n\t\t\t<div id=\"wd-5e57064d4a9cc\" class=\"woodmart-text-block-wrapper color-scheme-dark woodmart-title-size-custom woodmart-title-width-100 text-left vc_custom_1582761563170\">\n\t\t\t\t<div class=\"woodmart-title-container woodmart-text-block font-primary woodmart-font-weight-\">\n\t\t\t\t\t<strong><span class=\"color-primary\">1.<\/span><\/strong> Sahip oldu\u011fu i\u015fyerinde olu\u015fabilecek risklere kar\u015f\u0131 \u00f6nlem almak isteyen herkes taraf\u0131ndan i\u015fyeri sigortas\u0131 yapt\u0131r\u0131labilir.\t\t\t\t<\/div>\n\t\t\t\t\t\n\t\t\t<\/div>\n\t\t[\/vc_column_inner][vc_column_inner width=&#8221;1\/2&#8243; css=&#8221;.vc_custom_1538139911551{margin-bottom: 4vh !important;padding-top: 0px !important;}&#8221;]\t\n\t\t\t<div id=\"wd-5e57065e08072\" class=\"woodmart-text-block-wrapper color-scheme-dark woodmart-title-size-custom woodmart-title-width-100 text-left vc_custom_1582761583617\">\n\t\t\t\t<div class=\"woodmart-title-container woodmart-text-block font-primary woodmart-font-weight-\">\n\t\t\t\t\t<strong><span class=\"color-primary\">2.<\/span><\/strong> \u0130\u015fyeri Sigortas\u0131, i\u015fyeri binas\u0131, demirba\u015f e\u015fyalar, makine-tesisat, cam ve emtea vb. varl\u0131klar\u0131n\u0131z\u0131 paket olarak bir araya getirilmi\u015f otomatik teminatlar dahilinde, olu\u015fabilecek risklere kar\u015f\u0131 g\u00fcvence alt\u0131na al\u0131r.\t\t\t\t<\/div>\n\t\t\t\t\t\n\t\t\t<\/div>\n\t\t[\/vc_column_inner][\/vc_row_inner][\/vc_column][\/vc_row][vc_row][vc_column]\t\t\n\t\t<div id=\"wd-5e5707422e4c0\" class=\"title-wrapper  woodmart-title-color-primary woodmart-title-style-underlined-2 woodmart-title-width-100 text-center woodmart-title-size-medium \">\n\t\t\t\t\t\t\n\t\t\t<div class=\"liner-continer\">\n\t\t\t\t<span class=\"left-line\"><\/span>\n\t\t\t\t<h4 class=\"woodmart-title-container title  woodmart-font-weight-\" >\u0130\u015fyeri Sigortas\u0131 Neleri Kapsar ?<\/h4>\t\t\t\t\t\t\t\t<span class=\"right-line\"><\/span>\n\t\t\t<\/div>\n\t\t\t\n\t\t\t\t\t\t\n\t\t\t\t\t<\/div>\n\t\t\n\t\t[vc_tta_tabs color=&#8221;sandy-brown&#8221; active_section=&#8221;1&#8243;][vc_tta_section title=&#8221;H\u0131rs\u0131zl\u0131k&#8221; tab_id=&#8221;1582761649846-24b28fbb-86e0&#8243;][vc_column_text text_larger=&#8221;no&#8221;]H\u0131rs\u0131zl\u0131k sonucu \u00e7al\u0131nan emtea ve sabit k\u0131ymetler, h\u0131rs\u0131z\u0131n i\u015fyerine girerken verebilece\u011fi zararlar[\/vc_column_text][\/vc_tta_section][vc_tta_section title=&#8221;Grev, Lokavt, Ter\u00f6r&#8221; tab_id=&#8221;1582761649877-5447387a-b9f2&#8243;][vc_column_text text_larger=&#8221;no&#8221;]Grev, lokavt, halk hareketleri, ter\u00f6rist eylemler ve k\u00f6t\u00fc niyetli hareketler sonucu ve bu hareketleri \u00f6nlemek amac\u0131yla yetkililerce yap\u0131lan m\u00fcdahaleler nedeniyle i\u015fyerinde meydana gelebilecek hasarlar[\/vc_column_text][\/vc_tta_section][vc_tta_section title=&#8221;Yer Kaymas\u0131&#8221; tab_id=&#8221;1582761831947-57d9ae6e-6279&#8243;][vc_column_text text_larger=&#8221;no&#8221;]Yer kaymas\u0131 ve toprak \u00e7\u00f6kmesi nedeniyle i\u015fyerinde meydana gelebilecek her t\u00fcrl\u00fc hasar[\/vc_column_text][\/vc_tta_section][vc_tta_section title=&#8221;Deprem&#8221; tab_id=&#8221;1582761871631-c323c693-0083&#8243;][vc_column_text text_larger=&#8221;no&#8221;]Deprem nedeniyle i\u015fyerinde meydana gelebilecek her t\u00fcrl\u00fc hasar[\/vc_column_text][\/vc_tta_section][vc_tta_section title=&#8221;Y\u0131ld\u0131r\u0131m&#8221; tab_id=&#8221;1582761908711-c3ad2a1f-acb7&#8243;][vc_column_text text_larger=&#8221;no&#8221;]Yang\u0131n sebebiyle veya de\u011fil, y\u0131ld\u0131r\u0131m d\u00fc\u015fmesi sonucu olu\u015fabilecek hasarlar[\/vc_column_text][\/vc_tta_section][vc_tta_section title=&#8221;Yang\u0131n&#8221; tab_id=&#8221;1582762155861-c049c903-505f&#8221;][vc_column_text text_larger=&#8221;no&#8221;]\u0130\u015fyerinde ya da yak\u0131n\u0131nda \u00e7\u0131kabilecek bir yang\u0131n\u0131n yay\u0131lmas\u0131 sonucunda alevlerin ve duman\u0131n binaya ya da e\u015fyalara verebilece\u011fi zararlar[\/vc_column_text][\/vc_tta_section][vc_tta_section title=&#8221;\u0130nfilak&#8221; tab_id=&#8221;1582762212171-ddb60b42-386f&#8221;][vc_column_text text_larger=&#8221;no&#8221;]Do\u011falgaz, t\u00fcpgaz, havagaz\u0131 ve kalorifer kazan\u0131 tesisat\u0131n\u0131n infilak\u0131 sonucu olu\u015fabilecek hasarlar[\/vc_column_text][\/vc_tta_section][vc_tta_section title=&#8221;F\u0131rt\u0131na&#8221; tab_id=&#8221;1582762286557-d33dbc41-341c&#8221;][vc_column_text text_larger=&#8221;no&#8221;]F\u0131rt\u0131na ya da f\u0131rt\u0131na s\u0131ras\u0131nda r\u00fczgar\u0131n s\u00fcr\u00fckledi\u011fi veya att\u0131\u011f\u0131 cisimlerin \u00e7arpmas\u0131 sonucu olu\u015fabilecek hasarlar[\/vc_column_text][\/vc_tta_section][vc_tta_section title=&#8221;Dahili su ve sel su bask\u0131n\u0131&#8221; tab_id=&#8221;1582762325876-fc111a81-59f2&#8243;][vc_column_text text_larger=&#8221;no&#8221;]Su tesisat\u0131n\u0131n patlamas\u0131, sular kesildi\u011finde sigortal\u0131n\u0131n ya da kom\u015fular\u0131n\u0131n musluklar\u0131n\u0131 a\u00e7\u0131k b\u0131rakmas\u0131 sonucu do\u011fabilecek hasarlar ve sel ya da su bask\u0131n\u0131nda i\u015fyerinin u\u011frayabilece\u011fi zararlar[\/vc_column_text][\/vc_tta_section][vc_tta_section title=&#8221;Kar A\u011f\u0131rl\u0131\u011f\u0131&#8221; tab_id=&#8221;1582762376654-d62f4fb5-545f&#8221;][vc_column_text text_larger=&#8221;no&#8221;]\u00c7at\u0131da biriken kar sebebiyle olu\u015fabilecek zararlar[\/vc_column_text][\/vc_tta_section][vc_tta_section title=&#8221;Cam K\u0131r\u0131lmas\u0131&#8221; tab_id=&#8221;1582762440370-b658059c-44f6&#8243;][vc_column_text text_larger=&#8221;no&#8221;]\u0130\u015fyerinde bulunan kap\u0131 ve pencere camlar\u0131n\u0131n k\u0131r\u0131lmas\u0131 sonucu meydana gelebilecek hasarlar[\/vc_column_text][\/vc_tta_section][vc_tta_section title=&#8221;Enkaz Kald\u0131rma&#8221; tab_id=&#8221;1582762475070-0be93043-6811&#8243;][vc_column_text text_larger=&#8221;no&#8221;]Teminatlardan do\u011fabilecek hasarlar\u0131n limitler i\u00e7inde olu\u015fturdu\u011fu enkaz\u0131n kald\u0131rma masraflar\u0131[\/vc_column_text][\/vc_tta_section][vc_tta_section title=&#8221;Ara\u00e7 \u00c7arpmas\u0131&#8221; tab_id=&#8221;1582762551981-a5944fa7-73f4&#8243;][vc_column_text text_larger=&#8221;no&#8221;]Her t\u00fcrl\u00fc kara, hava ve deniz arac\u0131n\u0131n i\u015fyerine \u00e7arpmas\u0131 halinde meydana gelebilecek hasarlar[\/vc_column_text][\/vc_tta_section][vc_tta_section title=&#8221;Kom\u015fulara Kar\u015f\u0131 Sorumluluk&#8221; tab_id=&#8221;1582762598805-49275f0f-1e07&#8243;][vc_column_text text_larger=&#8221;no&#8221;]Yang\u0131n, dahili su hasarlar\u0131 nedeniyle kom\u015fulara kar\u015f\u0131 sorumluluk[\/vc_column_text][\/vc_tta_section][vc_tta_section title=&#8221;3.\u015eah\u0131slara Kar\u015f\u0131 Sorumluluk&#8221; tab_id=&#8221;1582762619400-74b09f40-b6e8&#8243;][vc_column_text text_larger=&#8221;no&#8221;]Sigortal\u0131n\u0131n, i\u015fyerinde 3. \u015eah\u0131slara verebilece\u011fi maddi ve bedeni zararlardan do\u011fan hukuki sorumluluklar\u0131[\/vc_column_text][\/vc_tta_section][vc_tta_section title=&#8221;Mal Sahibine Kar\u015f\u0131 Sorumluluk&#8221; tab_id=&#8221;1582762746186-5e944d6e-b768&#8243;][vc_column_text text_larger=&#8221;no&#8221;]Bina sigortal\u0131ya ait de\u011filse, o i\u015fyerinde kirac\u0131 olarak bulunuluyorsa, yang\u0131n, dahili su, ve duman hasarlar\u0131n\u0131n ger\u00e7ekle\u015fmesi sonucunda mal sahibine kar\u015f\u0131 sorumluluk[\/vc_column_text][\/vc_tta_section][vc_tta_section title=&#8221;Kira Kayb\u0131&#8221; tab_id=&#8221;1582762779048-dc7372cf-a164&#8243;][vc_column_text text_larger=&#8221;no&#8221;]Yang\u0131n nedeniyle, i\u015fyerinin kullan\u0131lamayacak duruma gelmesi halinde, sigortal\u0131 kirac\u0131 ise ve kira bedelini pe\u015fin \u00f6demi\u015f ise, i\u015flememi\u015f s\u00fcrenin kira kar\u015f\u0131l\u0131\u011f\u0131; sigortal\u0131 mal sahibi ise, i\u015fyerinin bo\u015f kalmas\u0131 sonucunda al\u0131namayan kira gelirinden do\u011fabilecek kay\u0131plar\u0131n[\/vc_column_text][\/vc_tta_section][\/vc_tta_tabs]<div id=\"wd-5e5839c18027b\" class=\"woodmart-button-wrapper text-left\"><a href=\"http:\/\/www.akalsigorta.com\/iletisim\/\" title=\"\u0130leti\u015fim\" class=\"btn btn-color-primary btn-style-default btn-shape-rectangle btn-size-default\">\u0130\u015fyeri Sigortas\u0131 Teklif Al<\/a><\/div>[\/vc_column][\/vc_row]<\/p>\n","protected":false},"excerpt":{"rendered":"<p>[vc_row gap=&#8221;35&#8243; equal_height=&#8221;yes&#8221; content_placement=&#8221;top&#8221; css=&#8221;.vc_custom_1538568615552{margin-bottom: 4vh !important;}&#8221; woodmart_parallax=&#8221;0&#8243; woodmart_gradient_switch=&#8221;no&#8221; row_reverse_mobile=&#8221;0&#8243; row_reverse_tablet=&#8221;0&#8243; woodmart_disable_overflow=&#8221;0&#8243;][vc_column woodmart_parallax=&#8221;0&#8243; parallax_scroll=&#8221;no&#8221; woodmart_sticky_column=&#8221;false&#8221; css=&#8221;.vc_custom_1538568458450{margin-bottom: 4vh !important;padding-top: 0px !important;}&#8221;<\/p>\n","protected":false},"author":1,"featured_media":0,"parent":0,"menu_order":0,"comment_status":"closed","ping_status":"closed","template":"","meta":{"footnotes":"","_joinchat":[]},"_links":{"self":[{"href":"https:\/\/www.akalsigorta.com\/index.php?rest_route=\/wp\/v2\/pages\/2443"}],"collection":[{"href":"https:\/\/www.akalsigorta.com\/index.php?rest_route=\/wp\/v2\/pages"}],"about":[{"href":"https:\/\/www.akalsigorta.com\/index.php?rest_route=\/wp\/v2\/types\/page"}],"author":[{"embeddable":true,"href":"https:\/\/www.akalsigorta.com\/index.php?rest_route=\/wp\/v2\/users\/1"}],"replies":[{"embeddable":true,"href":"https:\/\/www.akalsigorta.com\/index.php?rest_route=%2Fwp%2Fv2%2Fcomments&post=2443"}],"version-history":[{"count":7,"href":"https:\/\/www.akalsigorta.com\/index.php?rest_route=\/wp\/v2\/pages\/2443\/revisions"}],"predecessor-version":[{"id":2693,"href":"https:\/\/www.akalsigorta.com\/index.php?rest_route=\/wp\/v2\/pages\/2443\/revisions\/2693"}],"wp:attachment":[{"href":"https:\/\/www.akalsigorta.com\/index.php?rest_route=%2Fwp%2Fv2%2Fmedia&parent=2443"}],"curies":[{"name":"wp","href":"https:\/\/api.w.org\/{rel}","templated":true}]}}