{"id":2438,"date":"2020-02-26T23:42:59","date_gmt":"2020-02-26T23:42:59","guid":{"rendered":"http:\/\/www.akalsigorta.com\/?page_id=2438"},"modified":"2020-02-27T21:44:48","modified_gmt":"2020-02-27T21:44:48","slug":"trafik-sigortasi","status":"publish","type":"page","link":"https:\/\/www.akalsigorta.com\/?page_id=2438","title":{"rendered":"Trafik Sigortas\u0131"},"content":{"rendered":"<p>[vc_row gap=&#8221;35&#8243; equal_height=&#8221;yes&#8221; content_placement=&#8221;top&#8221; css=&#8221;.vc_custom_1538568615552{margin-bottom: 4vh !important;}&#8221; woodmart_parallax=&#8221;0&#8243; woodmart_gradient_switch=&#8221;no&#8221; row_reverse_mobile=&#8221;0&#8243; row_reverse_tablet=&#8221;0&#8243; woodmart_disable_overflow=&#8221;0&#8243;][vc_column woodmart_parallax=&#8221;0&#8243; parallax_scroll=&#8221;no&#8221; woodmart_sticky_column=&#8221;false&#8221; css=&#8221;.vc_custom_1538568458450{margin-bottom: 4vh !important;padding-top: 0px !important;}&#8221; offset=&#8221;vc_col-lg-6 vc_col-md-6 vc_col-xs-12&#8243;][vc_single_image image=&#8221;2439&#8243; img_size=&#8221;full&#8221; alignment=&#8221;center&#8221; parallax_scroll=&#8221;no&#8221; css=&#8221;.vc_custom_1582760410528{margin-bottom: 0px !important;}&#8221;][\/vc_column][vc_column woodmart_color_scheme=&#8221;dark&#8221; woodmart_parallax=&#8221;0&#8243; parallax_scroll=&#8221;no&#8221; woodmart_sticky_column=&#8221;false&#8221; css=&#8221;.vc_custom_1538568468606{margin-bottom: 4vh !important;padding-top: 0px !important;}&#8221; offset=&#8221;vc_col-lg-6 vc_col-md-6 vc_col-xs-12&#8243;]\t\t\n\t\t<div id=\"wd-5e5701da15ddc\" class=\"title-wrapper  woodmart-title-color-default woodmart-title-style-default woodmart-title-width-100 text-left woodmart-title-size-custom \">\n\t\t\t\t\t\t\n\t\t\t<div class=\"liner-continer\">\n\t\t\t\t<span class=\"left-line\"><\/span>\n\t\t\t\t<h4 class=\"woodmart-title-container title  woodmart-font-weight-\" >Neden Trafik Sigortas\u0131 yapt\u0131r\u0131lmal\u0131d\u0131r?<\/h4>\t\t\t\t\t\t\t\t<span class=\"right-line\"><\/span>\n\t\t\t<\/div>\n\t\t\t\n\t\t\t\t\t\t\t<div class=\"title-after_title\">Trafik Sigortas\u0131\u2019n\u0131n kapsam\u0131nda; sigortac\u0131, poli\u00e7ede tan\u0131mlanan motorlu arac\u0131n i\u015fletilmesi s\u0131ras\u0131nda, bir kimsenin \u00f6l\u00fcm\u00fcne veya yaralanmas\u0131na veya bir \u015feyin zarara u\u011framas\u0131na sebebiyet vermi\u015f ise Karayollar\u0131 Trafik Kanunu\u2019na g\u00f6re, i\u015fletene d\u00fc\u015fen hukuki sorumlulu\u011fu, zorunlu sigorta limitlerine kadar temin edilir.<\/div>\n\t\t\t\t\t\t\n\t\t\t\t\t<\/div>\n\t\t\n\t\t[vc_row_inner][vc_column_inner width=&#8221;1\/2&#8243; css=&#8221;.vc_custom_1538139599864{margin-bottom: 4vh !important;padding-top: 0px !important;}&#8221;]\t\n\t\t\t<div id=\"wd-5e5701fd950d9\" class=\"woodmart-text-block-wrapper color-scheme-dark woodmart-title-size-custom woodmart-title-width-100 text-left vc_custom_1582760464590\">\n\t\t\t\t<div class=\"woodmart-title-container woodmart-text-block font-primary woodmart-font-weight-\">\n\t\t\t\t\t<strong><span class=\"color-primary\">1.<\/span><\/strong> Meydana gelen bir kazada zarar\u0131n \u00f6nlenmesi veya azalt\u0131lmas\u0131 amac\u0131yla, sigorta ettirenin yapaca\u011f\u0131 mak\u00fbl ve zorunlu masraflar sigortac\u0131 taraf\u0131ndan kar\u015f\u0131lan\u0131r.\t\t\t\t<\/div>\n\t\t\t\t\t\n\t\t\t<\/div>\n\t\t[\/vc_column_inner][vc_column_inner width=&#8221;1\/2&#8243; css=&#8221;.vc_custom_1538139911551{margin-bottom: 4vh !important;padding-top: 0px !important;}&#8221;]\t\n\t\t\t<div id=\"wd-5e57021116050\" class=\"woodmart-text-block-wrapper color-scheme-dark woodmart-title-size-custom woodmart-title-width-100 text-left vc_custom_1582760482425\">\n\t\t\t\t<div class=\"woodmart-title-container woodmart-text-block font-primary woodmart-font-weight-\">\n\t\t\t\t\t<strong><span class=\"color-primary\">2.<\/span><\/strong> Trafik Sigortas\u0131 genellikle Kasko Sigortas\u0131 ile kar\u0131\u015ft\u0131r\u0131l\u0131r. Trafik Sigortas\u0131\u2019n\u0131n Kasko Sigortas\u0131\u2019ndan fark\u0131, sigortay\u0131 yapt\u0131ran\u0131n de\u011fil kar\u015f\u0131 taraf\u0131n u\u011frayaca\u011f\u0131 zararlar\u0131n kar\u015f\u0131lanmas\u0131na y\u00f6nelik zorunlu bir sigortad\u0131r.\t\t\t\t<\/div>\n\t\t\t\t\t\n\t\t\t<\/div>\n\t\t[\/vc_column_inner][vc_column_inner width=&#8221;1\/2&#8243; css=&#8221;.vc_custom_1538139939673{margin-bottom: 4vh !important;}&#8221;]\t\n\t\t\t<div id=\"wd-5e57027000df2\" class=\"woodmart-text-block-wrapper color-scheme-dark woodmart-title-size-custom woodmart-title-width-100 text-left vc_custom_1582760579462\">\n\t\t\t\t<div class=\"woodmart-title-container woodmart-text-block font-primary woodmart-font-weight-\">\n\t\t\t\t\t<strong><span class=\"color-primary\">3.<\/span><\/strong> Kaza oran\u0131n\u0131n g\u00fcn ge\u00e7tik\u00e7e artt\u0131\u011f\u0131 \u00fclkemizde, Kara yollar\u0131 Trafik Kanunu\u2019nca herkesin zorunlu trafik sigortas\u0131 yapt\u0131rmas\u0131 gerekmektedir. En yayg\u0131n sigorta t\u00fcrlerinden biri olan ara\u00e7 sigortas\u0131, art\u0131k bir gereklilikten ziyade sorumluluk sigortas\u0131 olarak adland\u0131r\u0131l\u0131r.\t\t\t\t<\/div>\n\t\t\t\t\t\n\t\t\t<\/div>\n\t\t[\/vc_column_inner][vc_column_inner width=&#8221;1\/2&#8243; css=&#8221;.vc_custom_1538139945223{margin-bottom: 4vh !important;}&#8221;]\t\n\t\t\t<div id=\"wd-5e570259596fa\" class=\"woodmart-text-block-wrapper color-scheme-dark woodmart-title-size-custom woodmart-title-width-100 text-left vc_custom_1582760559510\">\n\t\t\t\t<div class=\"woodmart-title-container woodmart-text-block font-primary woodmart-font-weight-\">\n\t\t\t\t\t<strong><span class=\"color-primary\">4.<\/span><\/strong> Trafik sigortas\u0131, kazaya sebep olan ara\u00e7 sahibinin, kas\u0131tl\u0131 olmayarak kar\u015f\u0131 tarafta yaratt\u0131\u011f\u0131 maddi ve manevi hasar\u0131 kar\u015f\u0131lamak amac\u0131yla yapt\u0131r\u0131l\u0131r. Bu \u015fekilde hatal\u0131 taraf\u0131 da b\u00fcy\u00fck bir y\u00fckten kurtaran zorunlu trafik sigortas\u0131, trafikte meydana gelebilecek kaza durumlar\u0131nda olu\u015fan maddi ve manevi hasar\u0131 minimuma indirger\t\t\t\t<\/div>\n\t\t\t\t\t\n\t\t\t<\/div>\n\t\t[\/vc_column_inner][\/vc_row_inner]<div id=\"wd-5e58384070a69\" class=\"woodmart-button-wrapper text-left\"><a href=\"http:\/\/www.akalsigorta.com\/trafik-sigortasi-teklifi-al\/\" title=\"Trafik Sigortas\u0131 Teklifi Al\" class=\"btn btn-color-primary btn-style-default btn-shape-rectangle btn-size-default\">Trafik Sigortas\u0131 Teklif Al<\/a><\/div>[\/vc_column][\/vc_row]<\/p>\n","protected":false},"excerpt":{"rendered":"<p>[vc_row gap=&#8221;35&#8243; equal_height=&#8221;yes&#8221; content_placement=&#8221;top&#8221; css=&#8221;.vc_custom_1538568615552{margin-bottom: 4vh !important;}&#8221; woodmart_parallax=&#8221;0&#8243; woodmart_gradient_switch=&#8221;no&#8221; row_reverse_mobile=&#8221;0&#8243; row_reverse_tablet=&#8221;0&#8243; woodmart_disable_overflow=&#8221;0&#8243;][vc_column woodmart_parallax=&#8221;0&#8243; parallax_scroll=&#8221;no&#8221; woodmart_sticky_column=&#8221;false&#8221; css=&#8221;.vc_custom_1538568458450{margin-bottom: 4vh !important;padding-top: 0px !important;}&#8221;<\/p>\n","protected":false},"author":1,"featured_media":0,"parent":0,"menu_order":0,"comment_status":"closed","ping_status":"closed","template":"","meta":{"footnotes":"","_joinchat":[]},"_links":{"self":[{"href":"https:\/\/www.akalsigorta.com\/index.php?rest_route=\/wp\/v2\/pages\/2438"}],"collection":[{"href":"https:\/\/www.akalsigorta.com\/index.php?rest_route=\/wp\/v2\/pages"}],"about":[{"href":"https:\/\/www.akalsigorta.com\/index.php?rest_route=\/wp\/v2\/types\/page"}],"author":[{"embeddable":true,"href":"https:\/\/www.akalsigorta.com\/index.php?rest_route=\/wp\/v2\/users\/1"}],"replies":[{"embeddable":true,"href":"https:\/\/www.akalsigorta.com\/index.php?rest_route=%2Fwp%2Fv2%2Fcomments&post=2438"}],"version-history":[{"count":3,"href":"https:\/\/www.akalsigorta.com\/index.php?rest_route=\/wp\/v2\/pages\/2438\/revisions"}],"predecessor-version":[{"id":2687,"href":"https:\/\/www.akalsigorta.com\/index.php?rest_route=\/wp\/v2\/pages\/2438\/revisions\/2687"}],"wp:attachment":[{"href":"https:\/\/www.akalsigorta.com\/index.php?rest_route=%2Fwp%2Fv2%2Fmedia&parent=2438"}],"curies":[{"name":"wp","href":"https:\/\/api.w.org\/{rel}","templated":true}]}}